{"id":15222,"date":"2022-12-12T15:54:06","date_gmt":"2022-12-12T14:54:06","guid":{"rendered":"https:\/\/labs212.pl\/?post_type=product&#038;p=15222"},"modified":"2026-02-12T10:22:03","modified_gmt":"2026-02-12T09:22:03","slug":"hair-skin-nails","status":"publish","type":"product","link":"https:\/\/test.labs212.com\/pl\/produkty\/suplementy\/hair-skin-nails\/","title":{"rendered":"BEAUTY HAIR\u2122"},"content":{"rendered":"","protected":false},"excerpt":{"rendered":"A\u017c 13 sk\u0142adnik\u00f3w aktywnych! Keratyna, L-cysteina, L-metionina, L-lizyna, krzemionka, aminokwasy, biotyna, cynk, inozytol, palma saba\u0142owa, apigenina, witamina B3, B5, B6. Kompleksowe wsparcie dla zdrowych w\u0142os\u00f3w, sk\u00f3ry i paznokci.","protected":false},"featured_media":53402,"comment_status":"open","ping_status":"closed","template":"","meta":{"_acf_changed":true},"product_brand":[],"product_cat":[150,179,171,184,132,140,193],"product_tag":[57,58,59,62,70,522,411,429,524,415,410,417,523,413,520,470,469,435,472,468,414,412],"class_list":{"0":"post-15222","1":"product","2":"type-product","3":"status-publish","4":"has-post-thumbnail","6":"product_cat-suplementy","7":"product_cat-mineraly","8":"product_cat-witaminy-2","9":"product_cat-substancje-prozdrowotne","10":"product_cat-preparaty-celowane","11":"product_cat-regeneracja","12":"product_cat-produkty-specjalistyczne","13":"product_tag-b3","14":"product_tag-b5","15":"product_tag-b6","16":"product_tag-biotyna","17":"product_tag-cynk","18":"product_tag-cysteina","19":"product_tag-ekstrakt-z-pedow-bambusa","20":"product_tag-inozytol","21":"product_tag-keratyna","22":"product_tag-keratyna-cynatine","23":"product_tag-l-cysteina","24":"product_tag-l-metionina","25":"product_tag-lizyna","26":"product_tag-my-inozytol","27":"product_tag-paznokcie","28":"product_tag-porost-wlosow","29":"product_tag-produkt-na-wlosy","30":"product_tag-skora","31":"product_tag-wlos","32":"product_tag-wlosy","33":"product_tag-z-nasion-selera","34":"product_tag-z-palmy-sabalowej","36":"first","37":"instock","38":"taxable","39":"shipping-taxable","40":"purchasable","41":"product-type-simple"},"acf":[],"yoast_head":"<!-- This site is optimized with the Yoast SEO Premium plugin v22.8 (Yoast SEO v26.9) - https:\/\/yoast.com\/product\/yoast-seo-premium-wordpress\/ -->\n<title>BEAUTY HAIR\u2122- wzmocnienie w\u0142os\u00f3w, sk\u00f3ry i paznokci LAB2S12<\/title>\n<meta name=\"description\" content=\"Suplement diety, zawieraj\u0105cy 13 aktywnych sk\u0142adnik\u00f3w dla wzmocnienia w\u0142os\u00f3w, sk\u00f3ry i paznokci. Witaminy, minera\u0142y, keratyna Cynatine\u00ae dla pi\u0119kna w\u0142os\u00f3w.\" \/>\n<meta name=\"robots\" content=\"noindex, follow, max-snippet:-1, max-image-preview:large, max-video-preview:-1\" \/>\n<meta property=\"og:locale\" content=\"pl_PL\" \/>\n<meta property=\"og:type\" content=\"article\" \/>\n<meta property=\"og:title\" content=\"BEAUTY HAIR\u2122\" \/>\n<meta property=\"og:description\" content=\"Suplement diety, zawieraj\u0105cy 13 aktywnych sk\u0142adnik\u00f3w dla wzmocnienia w\u0142os\u00f3w, sk\u00f3ry i paznokci. Witaminy, minera\u0142y, keratyna Cynatine\u00ae dla pi\u0119kna w\u0142os\u00f3w.\" \/>\n<meta property=\"og:url\" content=\"https:\/\/test.labs212.com\/pl\/produkty\/suplementy\/hair-skin-nails\/\" \/>\n<meta property=\"og:site_name\" content=\"LABS212\" \/>\n<meta property=\"article:modified_time\" content=\"2026-02-12T09:22:03+00:00\" \/>\n<meta property=\"og:image\" content=\"https:\/\/test.labs212.com\/wp-content\/uploads\/2022\/12\/BeautyHair-15.png\" \/>\n\t<meta property=\"og:image:width\" content=\"800\" \/>\n\t<meta property=\"og:image:height\" content=\"800\" \/>\n\t<meta property=\"og:image:type\" content=\"image\/png\" \/>\n<meta name=\"twitter:card\" content=\"summary_large_image\" \/>\n<meta name=\"twitter:label1\" content=\"Cena\" \/>\n\t<meta name=\"twitter:data1\" content=\"149,99&nbsp;&#122;&#322;\" \/>\n\t<meta name=\"twitter:label2\" content=\"Availability\" \/>\n\t<meta name=\"twitter:data2\" content=\"In stock\" \/>\n<script type=\"application\/ld+json\" class=\"yoast-schema-graph\">{\"@context\":\"https:\/\/schema.org\",\"@graph\":[{\"@type\":\"WebPage\",\"@id\":\"https:\/\/test.labs212.com\/pl\/produkty\/suplementy\/hair-skin-nails\/\",\"url\":\"https:\/\/test.labs212.com\/pl\/produkty\/suplementy\/hair-skin-nails\/\",\"name\":\"BEAUTY HAIR\u2122- wzmocnienie w\u0142os\u00f3w, sk\u00f3ry i paznokci LAB2S12\",\"isPartOf\":{\"@id\":\"https:\/\/test.labs212.com\/pl\/#website\"},\"primaryImageOfPage\":{\"@id\":\"https:\/\/test.labs212.com\/pl\/produkty\/suplementy\/hair-skin-nails\/#primaryimage\"},\"image\":{\"@id\":\"https:\/\/test.labs212.com\/pl\/produkty\/suplementy\/hair-skin-nails\/#primaryimage\"},\"thumbnailUrl\":\"https:\/\/i0.wp.com\/test.labs212.com\/wp-content\/uploads\/2022\/12\/BeautyHair-15.png?fit=800%2C800&ssl=1\",\"datePublished\":\"2022-12-12T14:54:06+00:00\",\"dateModified\":\"2026-02-12T09:22:03+00:00\",\"description\":\"Suplement diety, zawieraj\u0105cy 13 aktywnych sk\u0142adnik\u00f3w dla wzmocnienia w\u0142os\u00f3w, sk\u00f3ry i paznokci. Witaminy, minera\u0142y, keratyna Cynatine\u00ae dla pi\u0119kna w\u0142os\u00f3w.\",\"breadcrumb\":{\"@id\":\"https:\/\/test.labs212.com\/pl\/produkty\/suplementy\/hair-skin-nails\/#breadcrumb\"},\"inLanguage\":\"pl-PL\",\"potentialAction\":[{\"@type\":\"ReadAction\",\"target\":[\"https:\/\/test.labs212.com\/pl\/produkty\/suplementy\/hair-skin-nails\/\"]}]},{\"@type\":\"ImageObject\",\"inLanguage\":\"pl-PL\",\"@id\":\"https:\/\/test.labs212.com\/pl\/produkty\/suplementy\/hair-skin-nails\/#primaryimage\",\"url\":\"https:\/\/i0.wp.com\/test.labs212.com\/wp-content\/uploads\/2022\/12\/BeautyHair-15.png?fit=800%2C800&ssl=1\",\"contentUrl\":\"https:\/\/i0.wp.com\/test.labs212.com\/wp-content\/uploads\/2022\/12\/BeautyHair-15.png?fit=800%2C800&ssl=1\",\"width\":800,\"height\":800},{\"@type\":\"BreadcrumbList\",\"@id\":\"https:\/\/test.labs212.com\/pl\/produkty\/suplementy\/hair-skin-nails\/#breadcrumb\",\"itemListElement\":[{\"@type\":\"ListItem\",\"position\":1,\"name\":\"Strona g\u0142\u00f3wna\",\"item\":\"https:\/\/test.labs212.com\/pl\/\"},{\"@type\":\"ListItem\",\"position\":2,\"name\":\"Sklep\",\"item\":\"https:\/\/test.labs212.com\/sklep\/\"},{\"@type\":\"ListItem\",\"position\":3,\"name\":\"BEAUTY HAIR\u2122\"}]},{\"@type\":\"WebSite\",\"@id\":\"https:\/\/test.labs212.com\/pl\/#website\",\"url\":\"https:\/\/test.labs212.com\/pl\/\",\"name\":\"LABS212\",\"description\":\"Suplementy diety\",\"publisher\":{\"@id\":\"https:\/\/test.labs212.com\/pl\/#organization\"},\"potentialAction\":[{\"@type\":\"SearchAction\",\"target\":{\"@type\":\"EntryPoint\",\"urlTemplate\":\"https:\/\/test.labs212.com\/pl\/?s={search_term_string}\"},\"query-input\":{\"@type\":\"PropertyValueSpecification\",\"valueRequired\":true,\"valueName\":\"search_term_string\"}}],\"inLanguage\":\"pl-PL\"},{\"@type\":\"Organization\",\"@id\":\"https:\/\/test.labs212.com\/pl\/#organization\",\"name\":\"LABS212\",\"url\":\"https:\/\/test.labs212.com\/pl\/\",\"logo\":{\"@type\":\"ImageObject\",\"inLanguage\":\"pl-PL\",\"@id\":\"https:\/\/test.labs212.com\/pl\/#\/schema\/logo\/image\/\",\"url\":\"https:\/\/i0.wp.com\/test.labs212.com\/wp-content\/uploads\/2023\/11\/cropped-LOGO.png?fit=444%2C159&ssl=1\",\"contentUrl\":\"https:\/\/i0.wp.com\/test.labs212.com\/wp-content\/uploads\/2023\/11\/cropped-LOGO.png?fit=444%2C159&ssl=1\",\"width\":444,\"height\":159,\"caption\":\"LABS212\"},\"image\":{\"@id\":\"https:\/\/test.labs212.com\/pl\/#\/schema\/logo\/image\/\"}}]}<\/script>\n<meta property=\"product:price:amount\" content=\"149.99\" \/>\n<meta property=\"product:price:currency\" content=\"PLN\" \/>\n<meta property=\"og:availability\" content=\"instock\" \/>\n<meta property=\"product:availability\" content=\"instock\" \/>\n<meta property=\"product:retailer_item_id\" content=\"601-2\" \/>\n<meta property=\"product:condition\" content=\"new\" \/>\n<!-- \/ Yoast SEO Premium plugin. -->","yoast_head_json":{"title":"BEAUTY HAIR\u2122- wzmocnienie w\u0142os\u00f3w, sk\u00f3ry i paznokci LAB2S12","description":"Suplement diety, zawieraj\u0105cy 13 aktywnych sk\u0142adnik\u00f3w dla wzmocnienia w\u0142os\u00f3w, sk\u00f3ry i paznokci. Witaminy, minera\u0142y, keratyna Cynatine\u00ae dla pi\u0119kna w\u0142os\u00f3w.","robots":{"index":"noindex","follow":"follow","max-snippet":"max-snippet:-1","max-image-preview":"max-image-preview:large","max-video-preview":"max-video-preview:-1"},"og_locale":"pl_PL","og_type":"article","og_title":"BEAUTY HAIR\u2122","og_description":"Suplement diety, zawieraj\u0105cy 13 aktywnych sk\u0142adnik\u00f3w dla wzmocnienia w\u0142os\u00f3w, sk\u00f3ry i paznokci. Witaminy, minera\u0142y, keratyna Cynatine\u00ae dla pi\u0119kna w\u0142os\u00f3w.","og_url":"https:\/\/test.labs212.com\/pl\/produkty\/suplementy\/hair-skin-nails\/","og_site_name":"LABS212","article_modified_time":"2026-02-12T09:22:03+00:00","og_image":[{"width":800,"height":800,"url":"https:\/\/test.labs212.com\/wp-content\/uploads\/2022\/12\/BeautyHair-15.png","type":"image\/png"}],"twitter_card":"summary_large_image","twitter_misc":{"Cena":"149,99&nbsp;&#122;&#322;","Availability":"In stock"},"schema":{"@context":"https:\/\/schema.org","@graph":[{"@type":"WebPage","@id":"https:\/\/test.labs212.com\/pl\/produkty\/suplementy\/hair-skin-nails\/","url":"https:\/\/test.labs212.com\/pl\/produkty\/suplementy\/hair-skin-nails\/","name":"BEAUTY HAIR\u2122- wzmocnienie w\u0142os\u00f3w, sk\u00f3ry i paznokci LAB2S12","isPartOf":{"@id":"https:\/\/test.labs212.com\/pl\/#website"},"primaryImageOfPage":{"@id":"https:\/\/test.labs212.com\/pl\/produkty\/suplementy\/hair-skin-nails\/#primaryimage"},"image":{"@id":"https:\/\/test.labs212.com\/pl\/produkty\/suplementy\/hair-skin-nails\/#primaryimage"},"thumbnailUrl":"https:\/\/i0.wp.com\/test.labs212.com\/wp-content\/uploads\/2022\/12\/BeautyHair-15.png?fit=800%2C800&ssl=1","datePublished":"2022-12-12T14:54:06+00:00","dateModified":"2026-02-12T09:22:03+00:00","description":"Suplement diety, zawieraj\u0105cy 13 aktywnych sk\u0142adnik\u00f3w dla wzmocnienia w\u0142os\u00f3w, sk\u00f3ry i paznokci. Witaminy, minera\u0142y, keratyna Cynatine\u00ae dla pi\u0119kna w\u0142os\u00f3w.","breadcrumb":{"@id":"https:\/\/test.labs212.com\/pl\/produkty\/suplementy\/hair-skin-nails\/#breadcrumb"},"inLanguage":"pl-PL","potentialAction":[{"@type":"ReadAction","target":["https:\/\/test.labs212.com\/pl\/produkty\/suplementy\/hair-skin-nails\/"]}]},{"@type":"ImageObject","inLanguage":"pl-PL","@id":"https:\/\/test.labs212.com\/pl\/produkty\/suplementy\/hair-skin-nails\/#primaryimage","url":"https:\/\/i0.wp.com\/test.labs212.com\/wp-content\/uploads\/2022\/12\/BeautyHair-15.png?fit=800%2C800&ssl=1","contentUrl":"https:\/\/i0.wp.com\/test.labs212.com\/wp-content\/uploads\/2022\/12\/BeautyHair-15.png?fit=800%2C800&ssl=1","width":800,"height":800},{"@type":"BreadcrumbList","@id":"https:\/\/test.labs212.com\/pl\/produkty\/suplementy\/hair-skin-nails\/#breadcrumb","itemListElement":[{"@type":"ListItem","position":1,"name":"Strona g\u0142\u00f3wna","item":"https:\/\/test.labs212.com\/pl\/"},{"@type":"ListItem","position":2,"name":"Sklep","item":"https:\/\/test.labs212.com\/sklep\/"},{"@type":"ListItem","position":3,"name":"BEAUTY HAIR\u2122"}]},{"@type":"WebSite","@id":"https:\/\/test.labs212.com\/pl\/#website","url":"https:\/\/test.labs212.com\/pl\/","name":"LABS212","description":"Suplementy diety","publisher":{"@id":"https:\/\/test.labs212.com\/pl\/#organization"},"potentialAction":[{"@type":"SearchAction","target":{"@type":"EntryPoint","urlTemplate":"https:\/\/test.labs212.com\/pl\/?s={search_term_string}"},"query-input":{"@type":"PropertyValueSpecification","valueRequired":true,"valueName":"search_term_string"}}],"inLanguage":"pl-PL"},{"@type":"Organization","@id":"https:\/\/test.labs212.com\/pl\/#organization","name":"LABS212","url":"https:\/\/test.labs212.com\/pl\/","logo":{"@type":"ImageObject","inLanguage":"pl-PL","@id":"https:\/\/test.labs212.com\/pl\/#\/schema\/logo\/image\/","url":"https:\/\/i0.wp.com\/test.labs212.com\/wp-content\/uploads\/2023\/11\/cropped-LOGO.png?fit=444%2C159&ssl=1","contentUrl":"https:\/\/i0.wp.com\/test.labs212.com\/wp-content\/uploads\/2023\/11\/cropped-LOGO.png?fit=444%2C159&ssl=1","width":444,"height":159,"caption":"LABS212"},"image":{"@id":"https:\/\/test.labs212.com\/pl\/#\/schema\/logo\/image\/"}}]},"product_price_amount":"149.99","product_price_currency":"PLN","og_availability":"instock","product_availability":"instock","product_retailer_item_id":"601-2","product_condition":"new"},"jetpack_sharing_enabled":true,"tiered_pricing_type":"fixed","tiered_pricing_fixed_rules":[],"tiered_pricing_product_settings":{"layout":"default","base_unit_name":{"singular":null,"plural":null},"default_variation":null},"tiered_pricing_minimum_quantity":null,"tiered_pricing_roles_data":[],"tiered_pricing_percentage_rules":[],"_links":{"self":[{"href":"https:\/\/test.labs212.com\/pl\/wp-json\/wp\/v2\/product\/15222","targetHints":{"allow":["GET"]}}],"collection":[{"href":"https:\/\/test.labs212.com\/pl\/wp-json\/wp\/v2\/product"}],"about":[{"href":"https:\/\/test.labs212.com\/pl\/wp-json\/wp\/v2\/types\/product"}],"replies":[{"embeddable":true,"href":"https:\/\/test.labs212.com\/pl\/wp-json\/wp\/v2\/comments?post=15222"}],"wp:featuredmedia":[{"embeddable":true,"href":"https:\/\/test.labs212.com\/pl\/wp-json\/wp\/v2\/media\/53402"}],"wp:attachment":[{"href":"https:\/\/test.labs212.com\/pl\/wp-json\/wp\/v2\/media?parent=15222"}],"wp:term":[{"taxonomy":"product_brand","embeddable":true,"href":"https:\/\/test.labs212.com\/pl\/wp-json\/wp\/v2\/product_brand?post=15222"},{"taxonomy":"product_cat","embeddable":true,"href":"https:\/\/test.labs212.com\/pl\/wp-json\/wp\/v2\/product_cat?post=15222"},{"taxonomy":"product_tag","embeddable":true,"href":"https:\/\/test.labs212.com\/pl\/wp-json\/wp\/v2\/product_tag?post=15222"}],"curies":[{"name":"wp","href":"https:\/\/api.w.org\/{rel}","templated":true}]}}