{"id":31211,"date":"2023-11-03T16:06:34","date_gmt":"2023-11-03T15:06:34","guid":{"rendered":"https:\/\/labs212.com\/?post_type=product&#038;p=31211"},"modified":"2024-06-18T14:16:36","modified_gmt":"2024-06-18T12:16:36","slug":"zinc-complex-powder-2","status":"publish","type":"product","link":"https:\/\/test.labs212.com\/pl\/produkty\/preparaty-celowane\/mozg-koncentracja\/zinc-complex-powder-2\/","title":{"rendered":"Zinc Complex Powder"},"content":{"rendered":"","protected":false},"excerpt":{"rendered":"Po\u0142\u0105czenie 3 organicznych form cynku: pikolinianu, cytrynianu, glukonianu w formie proszku. Bardzo du\u017ca wydajno\u015b\u0107 produktu.","protected":false},"featured_media":31955,"comment_status":"open","ping_status":"closed","template":"","meta":{"_acf_changed":true},"product_brand":[],"product_cat":[150,179,181,157,140],"product_tag":[70,72,74,80,126,149,176],"class_list":{"0":"post-31211","1":"product","2":"type-product","3":"status-publish","4":"has-post-thumbnail","6":"product_cat-suplementy","7":"product_cat-mineraly","8":"product_cat-odpornosc","9":"product_cat-mozg-koncentracja","10":"product_cat-regeneracja","11":"product_tag-cynk","12":"product_tag-cynk-kompleks-w-proszku","13":"product_tag-cytrynian-cynku","14":"product_tag-glukonian-cynku","15":"product_tag-pikolinian-cynku","16":"product_tag-suplement-diety","17":"product_tag-zinc-complex-powder","19":"first","20":"instock","21":"taxable","22":"shipping-taxable","23":"purchasable","24":"product-type-simple"},"acf":[],"yoast_head":"<!-- This site is optimized with the Yoast SEO Premium plugin v22.8 (Yoast SEO v26.9) - https:\/\/yoast.com\/product\/yoast-seo-premium-wordpress\/ -->\n<title>Zinc Complex Powder (Cynk Kompleks) - Labs212<\/title>\n<meta name=\"description\" content=\"Suplement diety Cynk Kompleks w proszku to preparat zawieraj\u0105cy trzy formy organiczne: pikolinian, cytrynian, glukonian cynku. 569 porcje dzienne.\" \/>\n<meta name=\"robots\" content=\"noindex, follow, max-snippet:-1, max-image-preview:large, max-video-preview:-1\" \/>\n<meta property=\"og:locale\" content=\"pl_PL\" \/>\n<meta property=\"og:type\" content=\"article\" \/>\n<meta property=\"og:title\" content=\"Zinc Complex Powder\" \/>\n<meta property=\"og:description\" content=\"Suplement diety Cynk Kompleks w proszku to preparat zawieraj\u0105cy trzy formy organiczne: pikolinian, cytrynian, glukonian cynku. 569 porcje dzienne.\" \/>\n<meta property=\"og:url\" content=\"https:\/\/test.labs212.com\/pl\/produkty\/preparaty-celowane\/mozg-koncentracja\/zinc-complex-powder-2\/\" \/>\n<meta property=\"og:site_name\" content=\"LABS212\" \/>\n<meta property=\"article:modified_time\" content=\"2024-06-18T12:16:36+00:00\" \/>\n<meta property=\"og:image\" content=\"https:\/\/test.labs212.com\/wp-content\/uploads\/2023\/11\/zinc-complex-powder.png\" \/>\n\t<meta property=\"og:image:width\" content=\"1614\" \/>\n\t<meta property=\"og:image:height\" content=\"875\" \/>\n\t<meta property=\"og:image:type\" content=\"image\/png\" \/>\n<meta name=\"twitter:card\" content=\"summary_large_image\" \/>\n<meta name=\"twitter:label1\" content=\"Cena\" \/>\n\t<meta name=\"twitter:data1\" content=\"129,99&nbsp;&#122;&#322;\" \/>\n\t<meta name=\"twitter:label2\" content=\"Availability\" \/>\n\t<meta name=\"twitter:data2\" content=\"In stock\" \/>\n<script type=\"application\/ld+json\" class=\"yoast-schema-graph\">{\"@context\":\"https:\/\/schema.org\",\"@graph\":[{\"@type\":\"WebPage\",\"@id\":\"https:\/\/test.labs212.com\/pl\/produkty\/preparaty-celowane\/mozg-koncentracja\/zinc-complex-powder-2\/\",\"url\":\"https:\/\/test.labs212.com\/pl\/produkty\/preparaty-celowane\/mozg-koncentracja\/zinc-complex-powder-2\/\",\"name\":\"Zinc Complex Powder (Cynk Kompleks) - Labs212\",\"isPartOf\":{\"@id\":\"https:\/\/test.labs212.com\/pl\/#website\"},\"primaryImageOfPage\":{\"@id\":\"https:\/\/test.labs212.com\/pl\/produkty\/preparaty-celowane\/mozg-koncentracja\/zinc-complex-powder-2\/#primaryimage\"},\"image\":{\"@id\":\"https:\/\/test.labs212.com\/pl\/produkty\/preparaty-celowane\/mozg-koncentracja\/zinc-complex-powder-2\/#primaryimage\"},\"thumbnailUrl\":\"https:\/\/i0.wp.com\/test.labs212.com\/wp-content\/uploads\/2023\/11\/zinc-complex-powder.png?fit=1614%2C875&ssl=1\",\"datePublished\":\"2023-11-03T15:06:34+00:00\",\"dateModified\":\"2024-06-18T12:16:36+00:00\",\"description\":\"Suplement diety Cynk Kompleks w proszku to preparat zawieraj\u0105cy trzy formy organiczne: pikolinian, cytrynian, glukonian cynku. 569 porcje dzienne.\",\"breadcrumb\":{\"@id\":\"https:\/\/test.labs212.com\/pl\/produkty\/preparaty-celowane\/mozg-koncentracja\/zinc-complex-powder-2\/#breadcrumb\"},\"inLanguage\":\"pl-PL\",\"potentialAction\":[{\"@type\":\"ReadAction\",\"target\":[\"https:\/\/test.labs212.com\/pl\/produkty\/preparaty-celowane\/mozg-koncentracja\/zinc-complex-powder-2\/\"]}]},{\"@type\":\"ImageObject\",\"inLanguage\":\"pl-PL\",\"@id\":\"https:\/\/test.labs212.com\/pl\/produkty\/preparaty-celowane\/mozg-koncentracja\/zinc-complex-powder-2\/#primaryimage\",\"url\":\"https:\/\/i0.wp.com\/test.labs212.com\/wp-content\/uploads\/2023\/11\/zinc-complex-powder.png?fit=1614%2C875&ssl=1\",\"contentUrl\":\"https:\/\/i0.wp.com\/test.labs212.com\/wp-content\/uploads\/2023\/11\/zinc-complex-powder.png?fit=1614%2C875&ssl=1\",\"width\":1614,\"height\":875,\"caption\":\"zinc complex powder\"},{\"@type\":\"BreadcrumbList\",\"@id\":\"https:\/\/test.labs212.com\/pl\/produkty\/preparaty-celowane\/mozg-koncentracja\/zinc-complex-powder-2\/#breadcrumb\",\"itemListElement\":[{\"@type\":\"ListItem\",\"position\":1,\"name\":\"Strona g\u0142\u00f3wna\",\"item\":\"https:\/\/test.labs212.com\/pl\/\"},{\"@type\":\"ListItem\",\"position\":2,\"name\":\"Sklep\",\"item\":\"https:\/\/test.labs212.com\/sklep\/\"},{\"@type\":\"ListItem\",\"position\":3,\"name\":\"Zinc Complex Powder\"}]},{\"@type\":\"WebSite\",\"@id\":\"https:\/\/test.labs212.com\/pl\/#website\",\"url\":\"https:\/\/test.labs212.com\/pl\/\",\"name\":\"LABS212\",\"description\":\"Suplementy diety\",\"publisher\":{\"@id\":\"https:\/\/test.labs212.com\/pl\/#organization\"},\"potentialAction\":[{\"@type\":\"SearchAction\",\"target\":{\"@type\":\"EntryPoint\",\"urlTemplate\":\"https:\/\/test.labs212.com\/pl\/?s={search_term_string}\"},\"query-input\":{\"@type\":\"PropertyValueSpecification\",\"valueRequired\":true,\"valueName\":\"search_term_string\"}}],\"inLanguage\":\"pl-PL\"},{\"@type\":\"Organization\",\"@id\":\"https:\/\/test.labs212.com\/pl\/#organization\",\"name\":\"LABS212\",\"url\":\"https:\/\/test.labs212.com\/pl\/\",\"logo\":{\"@type\":\"ImageObject\",\"inLanguage\":\"pl-PL\",\"@id\":\"https:\/\/test.labs212.com\/pl\/#\/schema\/logo\/image\/\",\"url\":\"https:\/\/i0.wp.com\/test.labs212.com\/wp-content\/uploads\/2023\/11\/cropped-LOGO.png?fit=444%2C159&ssl=1\",\"contentUrl\":\"https:\/\/i0.wp.com\/test.labs212.com\/wp-content\/uploads\/2023\/11\/cropped-LOGO.png?fit=444%2C159&ssl=1\",\"width\":444,\"height\":159,\"caption\":\"LABS212\"},\"image\":{\"@id\":\"https:\/\/test.labs212.com\/pl\/#\/schema\/logo\/image\/\"}}]}<\/script>\n<meta property=\"product:price:amount\" content=\"129.99\" \/>\n<meta property=\"product:price:currency\" content=\"PLN\" \/>\n<meta property=\"og:availability\" content=\"instock\" \/>\n<meta property=\"product:availability\" content=\"instock\" \/>\n<meta property=\"product:retailer_item_id\" content=\"301-5\" \/>\n<meta property=\"product:condition\" content=\"new\" \/>\n<!-- \/ Yoast SEO Premium plugin. -->","yoast_head_json":{"title":"Zinc Complex Powder (Cynk Kompleks) - Labs212","description":"Suplement diety Cynk Kompleks w proszku to preparat zawieraj\u0105cy trzy formy organiczne: pikolinian, cytrynian, glukonian cynku. 569 porcje dzienne.","robots":{"index":"noindex","follow":"follow","max-snippet":"max-snippet:-1","max-image-preview":"max-image-preview:large","max-video-preview":"max-video-preview:-1"},"og_locale":"pl_PL","og_type":"article","og_title":"Zinc Complex Powder","og_description":"Suplement diety Cynk Kompleks w proszku to preparat zawieraj\u0105cy trzy formy organiczne: pikolinian, cytrynian, glukonian cynku. 569 porcje dzienne.","og_url":"https:\/\/test.labs212.com\/pl\/produkty\/preparaty-celowane\/mozg-koncentracja\/zinc-complex-powder-2\/","og_site_name":"LABS212","article_modified_time":"2024-06-18T12:16:36+00:00","og_image":[{"width":1614,"height":875,"url":"https:\/\/test.labs212.com\/wp-content\/uploads\/2023\/11\/zinc-complex-powder.png","type":"image\/png"}],"twitter_card":"summary_large_image","twitter_misc":{"Cena":"129,99&nbsp;&#122;&#322;","Availability":"In stock"},"schema":{"@context":"https:\/\/schema.org","@graph":[{"@type":"WebPage","@id":"https:\/\/test.labs212.com\/pl\/produkty\/preparaty-celowane\/mozg-koncentracja\/zinc-complex-powder-2\/","url":"https:\/\/test.labs212.com\/pl\/produkty\/preparaty-celowane\/mozg-koncentracja\/zinc-complex-powder-2\/","name":"Zinc Complex Powder (Cynk Kompleks) - Labs212","isPartOf":{"@id":"https:\/\/test.labs212.com\/pl\/#website"},"primaryImageOfPage":{"@id":"https:\/\/test.labs212.com\/pl\/produkty\/preparaty-celowane\/mozg-koncentracja\/zinc-complex-powder-2\/#primaryimage"},"image":{"@id":"https:\/\/test.labs212.com\/pl\/produkty\/preparaty-celowane\/mozg-koncentracja\/zinc-complex-powder-2\/#primaryimage"},"thumbnailUrl":"https:\/\/i0.wp.com\/test.labs212.com\/wp-content\/uploads\/2023\/11\/zinc-complex-powder.png?fit=1614%2C875&ssl=1","datePublished":"2023-11-03T15:06:34+00:00","dateModified":"2024-06-18T12:16:36+00:00","description":"Suplement diety Cynk Kompleks w proszku to preparat zawieraj\u0105cy trzy formy organiczne: pikolinian, cytrynian, glukonian cynku. 569 porcje dzienne.","breadcrumb":{"@id":"https:\/\/test.labs212.com\/pl\/produkty\/preparaty-celowane\/mozg-koncentracja\/zinc-complex-powder-2\/#breadcrumb"},"inLanguage":"pl-PL","potentialAction":[{"@type":"ReadAction","target":["https:\/\/test.labs212.com\/pl\/produkty\/preparaty-celowane\/mozg-koncentracja\/zinc-complex-powder-2\/"]}]},{"@type":"ImageObject","inLanguage":"pl-PL","@id":"https:\/\/test.labs212.com\/pl\/produkty\/preparaty-celowane\/mozg-koncentracja\/zinc-complex-powder-2\/#primaryimage","url":"https:\/\/i0.wp.com\/test.labs212.com\/wp-content\/uploads\/2023\/11\/zinc-complex-powder.png?fit=1614%2C875&ssl=1","contentUrl":"https:\/\/i0.wp.com\/test.labs212.com\/wp-content\/uploads\/2023\/11\/zinc-complex-powder.png?fit=1614%2C875&ssl=1","width":1614,"height":875,"caption":"zinc complex powder"},{"@type":"BreadcrumbList","@id":"https:\/\/test.labs212.com\/pl\/produkty\/preparaty-celowane\/mozg-koncentracja\/zinc-complex-powder-2\/#breadcrumb","itemListElement":[{"@type":"ListItem","position":1,"name":"Strona g\u0142\u00f3wna","item":"https:\/\/test.labs212.com\/pl\/"},{"@type":"ListItem","position":2,"name":"Sklep","item":"https:\/\/test.labs212.com\/sklep\/"},{"@type":"ListItem","position":3,"name":"Zinc Complex Powder"}]},{"@type":"WebSite","@id":"https:\/\/test.labs212.com\/pl\/#website","url":"https:\/\/test.labs212.com\/pl\/","name":"LABS212","description":"Suplementy diety","publisher":{"@id":"https:\/\/test.labs212.com\/pl\/#organization"},"potentialAction":[{"@type":"SearchAction","target":{"@type":"EntryPoint","urlTemplate":"https:\/\/test.labs212.com\/pl\/?s={search_term_string}"},"query-input":{"@type":"PropertyValueSpecification","valueRequired":true,"valueName":"search_term_string"}}],"inLanguage":"pl-PL"},{"@type":"Organization","@id":"https:\/\/test.labs212.com\/pl\/#organization","name":"LABS212","url":"https:\/\/test.labs212.com\/pl\/","logo":{"@type":"ImageObject","inLanguage":"pl-PL","@id":"https:\/\/test.labs212.com\/pl\/#\/schema\/logo\/image\/","url":"https:\/\/i0.wp.com\/test.labs212.com\/wp-content\/uploads\/2023\/11\/cropped-LOGO.png?fit=444%2C159&ssl=1","contentUrl":"https:\/\/i0.wp.com\/test.labs212.com\/wp-content\/uploads\/2023\/11\/cropped-LOGO.png?fit=444%2C159&ssl=1","width":444,"height":159,"caption":"LABS212"},"image":{"@id":"https:\/\/test.labs212.com\/pl\/#\/schema\/logo\/image\/"}}]},"product_price_amount":"129.99","product_price_currency":"PLN","og_availability":"instock","product_availability":"instock","product_retailer_item_id":"301-5","product_condition":"new"},"jetpack_sharing_enabled":true,"tiered_pricing_type":"fixed","tiered_pricing_fixed_rules":[],"tiered_pricing_product_settings":{"layout":"default","base_unit_name":{"singular":null,"plural":null},"default_variation":null},"tiered_pricing_minimum_quantity":null,"tiered_pricing_roles_data":[],"tiered_pricing_percentage_rules":[],"_links":{"self":[{"href":"https:\/\/test.labs212.com\/pl\/wp-json\/wp\/v2\/product\/31211","targetHints":{"allow":["GET"]}}],"collection":[{"href":"https:\/\/test.labs212.com\/pl\/wp-json\/wp\/v2\/product"}],"about":[{"href":"https:\/\/test.labs212.com\/pl\/wp-json\/wp\/v2\/types\/product"}],"replies":[{"embeddable":true,"href":"https:\/\/test.labs212.com\/pl\/wp-json\/wp\/v2\/comments?post=31211"}],"wp:featuredmedia":[{"embeddable":true,"href":"https:\/\/test.labs212.com\/pl\/wp-json\/wp\/v2\/media\/31955"}],"wp:attachment":[{"href":"https:\/\/test.labs212.com\/pl\/wp-json\/wp\/v2\/media?parent=31211"}],"wp:term":[{"taxonomy":"product_brand","embeddable":true,"href":"https:\/\/test.labs212.com\/pl\/wp-json\/wp\/v2\/product_brand?post=31211"},{"taxonomy":"product_cat","embeddable":true,"href":"https:\/\/test.labs212.com\/pl\/wp-json\/wp\/v2\/product_cat?post=31211"},{"taxonomy":"product_tag","embeddable":true,"href":"https:\/\/test.labs212.com\/pl\/wp-json\/wp\/v2\/product_tag?post=31211"}],"curies":[{"name":"wp","href":"https:\/\/api.w.org\/{rel}","templated":true}]}}