{"id":381,"date":"2022-02-09T23:02:22","date_gmt":"2022-02-09T22:02:22","guid":{"rendered":"https:\/home\/labspl\/domains\/labs212.pl\/public_html\/labs212.projektynuorder.pl\/?post_type=product&#038;p=381"},"modified":"2024-06-18T14:15:38","modified_gmt":"2024-06-18T12:15:38","slug":"magnesium-taurate-malate","status":"publish","type":"product","link":"https:\/\/test.labs212.com\/pl\/produkty\/preparaty-celowane\/mozg-koncentracja\/magnesium-taurate-malate\/","title":{"rendered":"Magnesium taurate, malate (data wa\u017cno\u015bci 02.2025)"},"content":{"rendered":"","protected":false},"excerpt":{"rendered":"Po\u0142\u0105czenie 2 organicznych magnez\u00f3w, o bardzo wysokiej wch\u0142anialno\u015bci: taurynianu i jab\u0142czanu.","protected":false},"featured_media":31945,"comment_status":"open","ping_status":"closed","template":"","meta":{"_acf_changed":false},"product_brand":[],"product_cat":[150,179,157,140],"product_tag":[480,84,109,110,152],"class_list":{"0":"post-381","1":"product","2":"type-product","3":"status-publish","4":"has-post-thumbnail","6":"product_cat-suplementy","7":"product_cat-mineraly","8":"product_cat-mozg-koncentracja","9":"product_cat-regeneracja","10":"product_tag-jablczan","11":"product_tag-jablczan-magnezu","12":"product_tag-magnesium-taurate-malate","13":"product_tag-magnez","14":"product_tag-taurynian-magnezu","16":"first","17":"instock","18":"sale","19":"taxable","20":"shipping-taxable","21":"purchasable","22":"product-type-simple"},"acf":[],"yoast_head":"<!-- This site is optimized with the Yoast SEO Premium plugin v22.8 (Yoast SEO v26.9) - https:\/\/yoast.com\/product\/yoast-seo-premium-wordpress\/ -->\n<title>Taurynian, jab\u0142czan magnezu - LABS212<\/title>\n<meta name=\"description\" content=\"Suplement diety Magnesium taurate, malate to po\u0142\u0105czenie dw\u00f3ch organicznych form magnezu: taurynianu i jab\u0142czanu w formie proszku. Wsparcie uk\u0142adu nerwowego.\" \/>\n<meta name=\"robots\" content=\"noindex, follow, max-snippet:-1, max-image-preview:large, max-video-preview:-1\" \/>\n<meta property=\"og:locale\" content=\"pl_PL\" \/>\n<meta property=\"og:type\" content=\"article\" \/>\n<meta property=\"og:title\" content=\"Magnesium taurate, malate (data wa\u017cno\u015bci 02.2025)\" \/>\n<meta property=\"og:description\" content=\"Suplement diety Magnesium taurate, malate to po\u0142\u0105czenie dw\u00f3ch organicznych form magnezu: taurynianu i jab\u0142czanu w formie proszku. Wsparcie uk\u0142adu nerwowego.\" \/>\n<meta property=\"og:url\" content=\"https:\/\/test.labs212.com\/pl\/produkty\/preparaty-celowane\/mozg-koncentracja\/magnesium-taurate-malate\/\" \/>\n<meta property=\"og:site_name\" content=\"LABS212\" \/>\n<meta property=\"article:modified_time\" content=\"2024-06-18T12:15:38+00:00\" \/>\n<meta property=\"og:image\" content=\"https:\/\/i0.wp.com\/labs212.com\/wp-content\/uploads\/2023\/11\/Magnesium-taurate-malate.png?fit=829%2C450&ssl=1\" \/>\n\t<meta property=\"og:image:width\" content=\"829\" \/>\n\t<meta property=\"og:image:height\" content=\"450\" \/>\n\t<meta property=\"og:image:type\" content=\"image\/png\" \/>\n<meta name=\"twitter:card\" content=\"summary_large_image\" \/>\n<meta name=\"twitter:label1\" content=\"Cena\" \/>\n\t<meta name=\"twitter:data1\" content=\"59,99&nbsp;&#122;&#322;\" \/>\n\t<meta name=\"twitter:label2\" content=\"Availability\" \/>\n\t<meta name=\"twitter:data2\" content=\"In stock\" \/>\n<script type=\"application\/ld+json\" class=\"yoast-schema-graph\">{\"@context\":\"https:\/\/schema.org\",\"@graph\":[{\"@type\":\"WebPage\",\"@id\":\"https:\/\/test.labs212.com\/pl\/produkty\/preparaty-celowane\/mozg-koncentracja\/magnesium-taurate-malate\/\",\"url\":\"https:\/\/test.labs212.com\/pl\/produkty\/preparaty-celowane\/mozg-koncentracja\/magnesium-taurate-malate\/\",\"name\":\"Taurynian, jab\u0142czan magnezu - LABS212\",\"isPartOf\":{\"@id\":\"https:\/\/test.labs212.com\/pl\/#website\"},\"primaryImageOfPage\":{\"@id\":\"https:\/\/test.labs212.com\/pl\/produkty\/preparaty-celowane\/mozg-koncentracja\/magnesium-taurate-malate\/#primaryimage\"},\"image\":{\"@id\":\"https:\/\/test.labs212.com\/pl\/produkty\/preparaty-celowane\/mozg-koncentracja\/magnesium-taurate-malate\/#primaryimage\"},\"thumbnailUrl\":\"https:\/\/i0.wp.com\/test.labs212.com\/wp-content\/uploads\/2023\/11\/Magnesium-taurate-malate.png?fit=829%2C450&ssl=1\",\"datePublished\":\"2022-02-09T22:02:22+00:00\",\"dateModified\":\"2024-06-18T12:15:38+00:00\",\"description\":\"Suplement diety Magnesium taurate, malate to po\u0142\u0105czenie dw\u00f3ch organicznych form magnezu: taurynianu i jab\u0142czanu w formie proszku. Wsparcie uk\u0142adu nerwowego.\",\"breadcrumb\":{\"@id\":\"https:\/\/test.labs212.com\/pl\/produkty\/preparaty-celowane\/mozg-koncentracja\/magnesium-taurate-malate\/#breadcrumb\"},\"inLanguage\":\"pl-PL\",\"potentialAction\":[{\"@type\":\"ReadAction\",\"target\":[\"https:\/\/test.labs212.com\/pl\/produkty\/preparaty-celowane\/mozg-koncentracja\/magnesium-taurate-malate\/\"]}]},{\"@type\":\"ImageObject\",\"inLanguage\":\"pl-PL\",\"@id\":\"https:\/\/test.labs212.com\/pl\/produkty\/preparaty-celowane\/mozg-koncentracja\/magnesium-taurate-malate\/#primaryimage\",\"url\":\"https:\/\/i0.wp.com\/test.labs212.com\/wp-content\/uploads\/2023\/11\/Magnesium-taurate-malate.png?fit=829%2C450&ssl=1\",\"contentUrl\":\"https:\/\/i0.wp.com\/test.labs212.com\/wp-content\/uploads\/2023\/11\/Magnesium-taurate-malate.png?fit=829%2C450&ssl=1\",\"width\":829,\"height\":450,\"caption\":\"Magnesium taurate, malate\"},{\"@type\":\"BreadcrumbList\",\"@id\":\"https:\/\/test.labs212.com\/pl\/produkty\/preparaty-celowane\/mozg-koncentracja\/magnesium-taurate-malate\/#breadcrumb\",\"itemListElement\":[{\"@type\":\"ListItem\",\"position\":1,\"name\":\"Strona g\u0142\u00f3wna\",\"item\":\"https:\/\/test.labs212.com\/pl\/\"},{\"@type\":\"ListItem\",\"position\":2,\"name\":\"Sklep\",\"item\":\"https:\/\/test.labs212.com\/sklep\/\"},{\"@type\":\"ListItem\",\"position\":3,\"name\":\"Magnesium taurate, malate (data wa\u017cno\u015bci 02.2025)\"}]},{\"@type\":\"WebSite\",\"@id\":\"https:\/\/test.labs212.com\/pl\/#website\",\"url\":\"https:\/\/test.labs212.com\/pl\/\",\"name\":\"LABS212\",\"description\":\"Suplementy diety\",\"publisher\":{\"@id\":\"https:\/\/test.labs212.com\/pl\/#organization\"},\"potentialAction\":[{\"@type\":\"SearchAction\",\"target\":{\"@type\":\"EntryPoint\",\"urlTemplate\":\"https:\/\/test.labs212.com\/pl\/?s={search_term_string}\"},\"query-input\":{\"@type\":\"PropertyValueSpecification\",\"valueRequired\":true,\"valueName\":\"search_term_string\"}}],\"inLanguage\":\"pl-PL\"},{\"@type\":\"Organization\",\"@id\":\"https:\/\/test.labs212.com\/pl\/#organization\",\"name\":\"LABS212\",\"url\":\"https:\/\/test.labs212.com\/pl\/\",\"logo\":{\"@type\":\"ImageObject\",\"inLanguage\":\"pl-PL\",\"@id\":\"https:\/\/test.labs212.com\/pl\/#\/schema\/logo\/image\/\",\"url\":\"https:\/\/i0.wp.com\/test.labs212.com\/wp-content\/uploads\/2023\/11\/cropped-LOGO.png?fit=444%2C159&ssl=1\",\"contentUrl\":\"https:\/\/i0.wp.com\/test.labs212.com\/wp-content\/uploads\/2023\/11\/cropped-LOGO.png?fit=444%2C159&ssl=1\",\"width\":444,\"height\":159,\"caption\":\"LABS212\"},\"image\":{\"@id\":\"https:\/\/test.labs212.com\/pl\/#\/schema\/logo\/image\/\"}}]}<\/script>\n<meta property=\"product:price:amount\" content=\"59.99\" \/>\n<meta property=\"product:price:currency\" content=\"PLN\" \/>\n<meta property=\"og:availability\" content=\"instock\" \/>\n<meta property=\"product:availability\" content=\"instock\" \/>\n<meta property=\"product:retailer_item_id\" content=\"301-3\" \/>\n<meta property=\"product:condition\" content=\"new\" \/>\n<!-- \/ Yoast SEO Premium plugin. -->","yoast_head_json":{"title":"Taurynian, jab\u0142czan magnezu - LABS212","description":"Suplement diety Magnesium taurate, malate to po\u0142\u0105czenie dw\u00f3ch organicznych form magnezu: taurynianu i jab\u0142czanu w formie proszku. Wsparcie uk\u0142adu nerwowego.","robots":{"index":"noindex","follow":"follow","max-snippet":"max-snippet:-1","max-image-preview":"max-image-preview:large","max-video-preview":"max-video-preview:-1"},"og_locale":"pl_PL","og_type":"article","og_title":"Magnesium taurate, malate (data wa\u017cno\u015bci 02.2025)","og_description":"Suplement diety Magnesium taurate, malate to po\u0142\u0105czenie dw\u00f3ch organicznych form magnezu: taurynianu i jab\u0142czanu w formie proszku. Wsparcie uk\u0142adu nerwowego.","og_url":"https:\/\/test.labs212.com\/pl\/produkty\/preparaty-celowane\/mozg-koncentracja\/magnesium-taurate-malate\/","og_site_name":"LABS212","article_modified_time":"2024-06-18T12:15:38+00:00","og_image":[{"width":829,"height":450,"url":"https:\/\/i0.wp.com\/labs212.com\/wp-content\/uploads\/2023\/11\/Magnesium-taurate-malate.png?fit=829%2C450&ssl=1","type":"image\/png"}],"twitter_card":"summary_large_image","twitter_misc":{"Cena":"59,99&nbsp;&#122;&#322;","Availability":"In stock"},"schema":{"@context":"https:\/\/schema.org","@graph":[{"@type":"WebPage","@id":"https:\/\/test.labs212.com\/pl\/produkty\/preparaty-celowane\/mozg-koncentracja\/magnesium-taurate-malate\/","url":"https:\/\/test.labs212.com\/pl\/produkty\/preparaty-celowane\/mozg-koncentracja\/magnesium-taurate-malate\/","name":"Taurynian, jab\u0142czan magnezu - LABS212","isPartOf":{"@id":"https:\/\/test.labs212.com\/pl\/#website"},"primaryImageOfPage":{"@id":"https:\/\/test.labs212.com\/pl\/produkty\/preparaty-celowane\/mozg-koncentracja\/magnesium-taurate-malate\/#primaryimage"},"image":{"@id":"https:\/\/test.labs212.com\/pl\/produkty\/preparaty-celowane\/mozg-koncentracja\/magnesium-taurate-malate\/#primaryimage"},"thumbnailUrl":"https:\/\/i0.wp.com\/test.labs212.com\/wp-content\/uploads\/2023\/11\/Magnesium-taurate-malate.png?fit=829%2C450&ssl=1","datePublished":"2022-02-09T22:02:22+00:00","dateModified":"2024-06-18T12:15:38+00:00","description":"Suplement diety Magnesium taurate, malate to po\u0142\u0105czenie dw\u00f3ch organicznych form magnezu: taurynianu i jab\u0142czanu w formie proszku. Wsparcie uk\u0142adu nerwowego.","breadcrumb":{"@id":"https:\/\/test.labs212.com\/pl\/produkty\/preparaty-celowane\/mozg-koncentracja\/magnesium-taurate-malate\/#breadcrumb"},"inLanguage":"pl-PL","potentialAction":[{"@type":"ReadAction","target":["https:\/\/test.labs212.com\/pl\/produkty\/preparaty-celowane\/mozg-koncentracja\/magnesium-taurate-malate\/"]}]},{"@type":"ImageObject","inLanguage":"pl-PL","@id":"https:\/\/test.labs212.com\/pl\/produkty\/preparaty-celowane\/mozg-koncentracja\/magnesium-taurate-malate\/#primaryimage","url":"https:\/\/i0.wp.com\/test.labs212.com\/wp-content\/uploads\/2023\/11\/Magnesium-taurate-malate.png?fit=829%2C450&ssl=1","contentUrl":"https:\/\/i0.wp.com\/test.labs212.com\/wp-content\/uploads\/2023\/11\/Magnesium-taurate-malate.png?fit=829%2C450&ssl=1","width":829,"height":450,"caption":"Magnesium taurate, malate"},{"@type":"BreadcrumbList","@id":"https:\/\/test.labs212.com\/pl\/produkty\/preparaty-celowane\/mozg-koncentracja\/magnesium-taurate-malate\/#breadcrumb","itemListElement":[{"@type":"ListItem","position":1,"name":"Strona g\u0142\u00f3wna","item":"https:\/\/test.labs212.com\/pl\/"},{"@type":"ListItem","position":2,"name":"Sklep","item":"https:\/\/test.labs212.com\/sklep\/"},{"@type":"ListItem","position":3,"name":"Magnesium taurate, malate (data wa\u017cno\u015bci 02.2025)"}]},{"@type":"WebSite","@id":"https:\/\/test.labs212.com\/pl\/#website","url":"https:\/\/test.labs212.com\/pl\/","name":"LABS212","description":"Suplementy diety","publisher":{"@id":"https:\/\/test.labs212.com\/pl\/#organization"},"potentialAction":[{"@type":"SearchAction","target":{"@type":"EntryPoint","urlTemplate":"https:\/\/test.labs212.com\/pl\/?s={search_term_string}"},"query-input":{"@type":"PropertyValueSpecification","valueRequired":true,"valueName":"search_term_string"}}],"inLanguage":"pl-PL"},{"@type":"Organization","@id":"https:\/\/test.labs212.com\/pl\/#organization","name":"LABS212","url":"https:\/\/test.labs212.com\/pl\/","logo":{"@type":"ImageObject","inLanguage":"pl-PL","@id":"https:\/\/test.labs212.com\/pl\/#\/schema\/logo\/image\/","url":"https:\/\/i0.wp.com\/test.labs212.com\/wp-content\/uploads\/2023\/11\/cropped-LOGO.png?fit=444%2C159&ssl=1","contentUrl":"https:\/\/i0.wp.com\/test.labs212.com\/wp-content\/uploads\/2023\/11\/cropped-LOGO.png?fit=444%2C159&ssl=1","width":444,"height":159,"caption":"LABS212"},"image":{"@id":"https:\/\/test.labs212.com\/pl\/#\/schema\/logo\/image\/"}}]},"product_price_amount":"59.99","product_price_currency":"PLN","og_availability":"instock","product_availability":"instock","product_retailer_item_id":"301-3","product_condition":"new"},"jetpack_sharing_enabled":true,"tiered_pricing_type":"fixed","tiered_pricing_fixed_rules":[],"tiered_pricing_product_settings":{"layout":"default","base_unit_name":{"singular":null,"plural":null},"default_variation":null},"tiered_pricing_minimum_quantity":null,"tiered_pricing_roles_data":[],"tiered_pricing_percentage_rules":[],"_links":{"self":[{"href":"https:\/\/test.labs212.com\/pl\/wp-json\/wp\/v2\/product\/381","targetHints":{"allow":["GET"]}}],"collection":[{"href":"https:\/\/test.labs212.com\/pl\/wp-json\/wp\/v2\/product"}],"about":[{"href":"https:\/\/test.labs212.com\/pl\/wp-json\/wp\/v2\/types\/product"}],"replies":[{"embeddable":true,"href":"https:\/\/test.labs212.com\/pl\/wp-json\/wp\/v2\/comments?post=381"}],"wp:featuredmedia":[{"embeddable":true,"href":"https:\/\/test.labs212.com\/pl\/wp-json\/wp\/v2\/media\/31945"}],"wp:attachment":[{"href":"https:\/\/test.labs212.com\/pl\/wp-json\/wp\/v2\/media?parent=381"}],"wp:term":[{"taxonomy":"product_brand","embeddable":true,"href":"https:\/\/test.labs212.com\/pl\/wp-json\/wp\/v2\/product_brand?post=381"},{"taxonomy":"product_cat","embeddable":true,"href":"https:\/\/test.labs212.com\/pl\/wp-json\/wp\/v2\/product_cat?post=381"},{"taxonomy":"product_tag","embeddable":true,"href":"https:\/\/test.labs212.com\/pl\/wp-json\/wp\/v2\/product_tag?post=381"}],"curies":[{"name":"wp","href":"https:\/\/api.w.org\/{rel}","templated":true}]}}