{"id":426,"date":"2022-02-10T13:38:50","date_gmt":"2022-02-10T12:38:50","guid":{"rendered":"https:\/home\/labspl\/domains\/labs212.pl\/public_html\/labs212.projektynuorder.pl\/?post_type=product&#038;p=426"},"modified":"2024-06-18T14:16:16","modified_gmt":"2024-06-18T12:16:16","slug":"zestaw-magnesium-taurate-malate-magnesium-citrate","status":"publish","type":"product","link":"https:\/\/test.labs212.com\/pl\/produkty\/preparaty-celowane\/mozg-koncentracja\/zestaw-magnesium-taurate-malate-magnesium-citrate\/","title":{"rendered":"Zestaw Taurynian, jab\u0142czan magnezu + Cytrynian magnezu"},"content":{"rendered":"","protected":false},"excerpt":{"rendered":"Zestaw dw\u00f3ch suplement\u00f3w. Wsparcie funkcji psychologicznych i mi\u0119\u015bni.","protected":false},"featured_media":1594,"comment_status":"open","ping_status":"closed","template":"","meta":{"_acf_changed":false},"product_brand":[],"product_cat":[150,179,157,140,174],"product_tag":[75,107,109,149,151],"class_list":{"0":"post-426","1":"product","2":"type-product","3":"status-publish","4":"has-post-thumbnail","6":"product_cat-suplementy","7":"product_cat-mineraly","8":"product_cat-mozg-koncentracja","9":"product_cat-regeneracja","10":"product_cat-zestawy","11":"product_tag-cytrynian-magnezu","12":"product_tag-magnesium-citarte","13":"product_tag-magnesium-taurate-malate","14":"product_tag-suplement-diety","15":"product_tag-taurynian-jablczan-magnezu","17":"first","18":"instock","19":"sale","20":"taxable","21":"shipping-taxable","22":"purchasable","23":"product-type-simple"},"acf":[],"yoast_head":"<!-- This site is optimized with the Yoast SEO Premium plugin v22.8 (Yoast SEO v26.9) - https:\/\/yoast.com\/product\/yoast-seo-premium-wordpress\/ -->\n<title>Zestaw Taurynian, jab\u0142czan magnezu + Cytrynian magnezu - LABS212<\/title>\n<meta name=\"description\" content=\"Dwa suplementy diety: Magnesium taurate, malate i Magnesium citrate. Organiczne formy magnez\u00f3w w proszku. Kompleksowe wsparcie uk\u0142adu nerwowego.\" \/>\n<meta name=\"robots\" content=\"noindex, follow, max-snippet:-1, max-image-preview:large, max-video-preview:-1\" \/>\n<meta property=\"og:locale\" content=\"pl_PL\" \/>\n<meta property=\"og:type\" content=\"article\" \/>\n<meta property=\"og:title\" content=\"Zestaw Taurynian, jab\u0142czan magnezu + Cytrynian magnezu\" \/>\n<meta property=\"og:description\" content=\"Dwa suplementy diety: Magnesium taurate, malate i Magnesium citrate. Organiczne formy magnez\u00f3w w proszku. Kompleksowe wsparcie uk\u0142adu nerwowego.\" \/>\n<meta property=\"og:url\" content=\"https:\/\/test.labs212.com\/pl\/produkty\/preparaty-celowane\/mozg-koncentracja\/zestaw-magnesium-taurate-malate-magnesium-citrate\/\" \/>\n<meta property=\"og:site_name\" content=\"LABS212\" \/>\n<meta property=\"article:modified_time\" content=\"2024-06-18T12:16:16+00:00\" \/>\n<meta property=\"og:image\" content=\"https:\/\/i0.wp.com\/labs212.com\/wp-content\/uploads\/2022\/03\/Zestaw-Taurynian-jablczan-magnezu-Cytrynian-magnezu_72000.png?fit=1844%2C1000&ssl=1\" \/>\n\t<meta property=\"og:image:width\" content=\"1844\" \/>\n\t<meta property=\"og:image:height\" content=\"1000\" \/>\n\t<meta property=\"og:image:type\" content=\"image\/png\" \/>\n<meta name=\"twitter:card\" content=\"summary_large_image\" \/>\n<meta name=\"twitter:label1\" content=\"Cena\" \/>\n\t<meta name=\"twitter:data1\" content=\"99,99&nbsp;&#122;&#322;\" \/>\n\t<meta name=\"twitter:label2\" content=\"Availability\" \/>\n\t<meta name=\"twitter:data2\" content=\"In stock\" \/>\n<script type=\"application\/ld+json\" class=\"yoast-schema-graph\">{\"@context\":\"https:\/\/schema.org\",\"@graph\":[{\"@type\":\"WebPage\",\"@id\":\"https:\/\/test.labs212.com\/pl\/produkty\/preparaty-celowane\/mozg-koncentracja\/zestaw-magnesium-taurate-malate-magnesium-citrate\/\",\"url\":\"https:\/\/test.labs212.com\/pl\/produkty\/preparaty-celowane\/mozg-koncentracja\/zestaw-magnesium-taurate-malate-magnesium-citrate\/\",\"name\":\"Zestaw Taurynian, jab\u0142czan magnezu + Cytrynian magnezu - LABS212\",\"isPartOf\":{\"@id\":\"https:\/\/test.labs212.com\/pl\/#website\"},\"primaryImageOfPage\":{\"@id\":\"https:\/\/test.labs212.com\/pl\/produkty\/preparaty-celowane\/mozg-koncentracja\/zestaw-magnesium-taurate-malate-magnesium-citrate\/#primaryimage\"},\"image\":{\"@id\":\"https:\/\/test.labs212.com\/pl\/produkty\/preparaty-celowane\/mozg-koncentracja\/zestaw-magnesium-taurate-malate-magnesium-citrate\/#primaryimage\"},\"thumbnailUrl\":\"https:\/\/i0.wp.com\/test.labs212.com\/wp-content\/uploads\/2022\/03\/Zestaw-Taurynian-jablczan-magnezu-Cytrynian-magnezu_72000.png?fit=1844%2C1000&ssl=1\",\"datePublished\":\"2022-02-10T12:38:50+00:00\",\"dateModified\":\"2024-06-18T12:16:16+00:00\",\"description\":\"Dwa suplementy diety: Magnesium taurate, malate i Magnesium citrate. Organiczne formy magnez\u00f3w w proszku. Kompleksowe wsparcie uk\u0142adu nerwowego.\",\"breadcrumb\":{\"@id\":\"https:\/\/test.labs212.com\/pl\/produkty\/preparaty-celowane\/mozg-koncentracja\/zestaw-magnesium-taurate-malate-magnesium-citrate\/#breadcrumb\"},\"inLanguage\":\"pl-PL\",\"potentialAction\":[{\"@type\":\"ReadAction\",\"target\":[\"https:\/\/test.labs212.com\/pl\/produkty\/preparaty-celowane\/mozg-koncentracja\/zestaw-magnesium-taurate-malate-magnesium-citrate\/\"]}]},{\"@type\":\"ImageObject\",\"inLanguage\":\"pl-PL\",\"@id\":\"https:\/\/test.labs212.com\/pl\/produkty\/preparaty-celowane\/mozg-koncentracja\/zestaw-magnesium-taurate-malate-magnesium-citrate\/#primaryimage\",\"url\":\"https:\/\/i0.wp.com\/test.labs212.com\/wp-content\/uploads\/2022\/03\/Zestaw-Taurynian-jablczan-magnezu-Cytrynian-magnezu_72000.png?fit=1844%2C1000&ssl=1\",\"contentUrl\":\"https:\/\/i0.wp.com\/test.labs212.com\/wp-content\/uploads\/2022\/03\/Zestaw-Taurynian-jablczan-magnezu-Cytrynian-magnezu_72000.png?fit=1844%2C1000&ssl=1\",\"width\":1844,\"height\":1000,\"caption\":\"Zestaw Taurynian, jab\u0142czan magnezu + Cytrynian magnezu\"},{\"@type\":\"BreadcrumbList\",\"@id\":\"https:\/\/test.labs212.com\/pl\/produkty\/preparaty-celowane\/mozg-koncentracja\/zestaw-magnesium-taurate-malate-magnesium-citrate\/#breadcrumb\",\"itemListElement\":[{\"@type\":\"ListItem\",\"position\":1,\"name\":\"Strona g\u0142\u00f3wna\",\"item\":\"https:\/\/test.labs212.com\/pl\/\"},{\"@type\":\"ListItem\",\"position\":2,\"name\":\"Sklep\",\"item\":\"https:\/\/test.labs212.com\/sklep\/\"},{\"@type\":\"ListItem\",\"position\":3,\"name\":\"Zestaw Taurynian, jab\u0142czan magnezu + Cytrynian magnezu\"}]},{\"@type\":\"WebSite\",\"@id\":\"https:\/\/test.labs212.com\/pl\/#website\",\"url\":\"https:\/\/test.labs212.com\/pl\/\",\"name\":\"LABS212\",\"description\":\"Suplementy diety\",\"publisher\":{\"@id\":\"https:\/\/test.labs212.com\/pl\/#organization\"},\"potentialAction\":[{\"@type\":\"SearchAction\",\"target\":{\"@type\":\"EntryPoint\",\"urlTemplate\":\"https:\/\/test.labs212.com\/pl\/?s={search_term_string}\"},\"query-input\":{\"@type\":\"PropertyValueSpecification\",\"valueRequired\":true,\"valueName\":\"search_term_string\"}}],\"inLanguage\":\"pl-PL\"},{\"@type\":\"Organization\",\"@id\":\"https:\/\/test.labs212.com\/pl\/#organization\",\"name\":\"LABS212\",\"url\":\"https:\/\/test.labs212.com\/pl\/\",\"logo\":{\"@type\":\"ImageObject\",\"inLanguage\":\"pl-PL\",\"@id\":\"https:\/\/test.labs212.com\/pl\/#\/schema\/logo\/image\/\",\"url\":\"https:\/\/i0.wp.com\/test.labs212.com\/wp-content\/uploads\/2023\/11\/cropped-LOGO.png?fit=444%2C159&ssl=1\",\"contentUrl\":\"https:\/\/i0.wp.com\/test.labs212.com\/wp-content\/uploads\/2023\/11\/cropped-LOGO.png?fit=444%2C159&ssl=1\",\"width\":444,\"height\":159,\"caption\":\"LABS212\"},\"image\":{\"@id\":\"https:\/\/test.labs212.com\/pl\/#\/schema\/logo\/image\/\"}}]}<\/script>\n<meta property=\"product:price:amount\" content=\"99.99\" \/>\n<meta property=\"product:price:currency\" content=\"PLN\" \/>\n<meta property=\"og:availability\" content=\"instock\" \/>\n<meta property=\"product:availability\" content=\"instock\" \/>\n<meta property=\"product:retailer_item_id\" content=\"900-2\" \/>\n<meta property=\"product:condition\" content=\"new\" \/>\n<!-- \/ Yoast SEO Premium plugin. -->","yoast_head_json":{"title":"Zestaw Taurynian, jab\u0142czan magnezu + Cytrynian magnezu - LABS212","description":"Dwa suplementy diety: Magnesium taurate, malate i Magnesium citrate. Organiczne formy magnez\u00f3w w proszku. Kompleksowe wsparcie uk\u0142adu nerwowego.","robots":{"index":"noindex","follow":"follow","max-snippet":"max-snippet:-1","max-image-preview":"max-image-preview:large","max-video-preview":"max-video-preview:-1"},"og_locale":"pl_PL","og_type":"article","og_title":"Zestaw Taurynian, jab\u0142czan magnezu + Cytrynian magnezu","og_description":"Dwa suplementy diety: Magnesium taurate, malate i Magnesium citrate. Organiczne formy magnez\u00f3w w proszku. Kompleksowe wsparcie uk\u0142adu nerwowego.","og_url":"https:\/\/test.labs212.com\/pl\/produkty\/preparaty-celowane\/mozg-koncentracja\/zestaw-magnesium-taurate-malate-magnesium-citrate\/","og_site_name":"LABS212","article_modified_time":"2024-06-18T12:16:16+00:00","og_image":[{"width":1844,"height":1000,"url":"https:\/\/i0.wp.com\/labs212.com\/wp-content\/uploads\/2022\/03\/Zestaw-Taurynian-jablczan-magnezu-Cytrynian-magnezu_72000.png?fit=1844%2C1000&ssl=1","type":"image\/png"}],"twitter_card":"summary_large_image","twitter_misc":{"Cena":"99,99&nbsp;&#122;&#322;","Availability":"In stock"},"schema":{"@context":"https:\/\/schema.org","@graph":[{"@type":"WebPage","@id":"https:\/\/test.labs212.com\/pl\/produkty\/preparaty-celowane\/mozg-koncentracja\/zestaw-magnesium-taurate-malate-magnesium-citrate\/","url":"https:\/\/test.labs212.com\/pl\/produkty\/preparaty-celowane\/mozg-koncentracja\/zestaw-magnesium-taurate-malate-magnesium-citrate\/","name":"Zestaw Taurynian, jab\u0142czan magnezu + Cytrynian magnezu - LABS212","isPartOf":{"@id":"https:\/\/test.labs212.com\/pl\/#website"},"primaryImageOfPage":{"@id":"https:\/\/test.labs212.com\/pl\/produkty\/preparaty-celowane\/mozg-koncentracja\/zestaw-magnesium-taurate-malate-magnesium-citrate\/#primaryimage"},"image":{"@id":"https:\/\/test.labs212.com\/pl\/produkty\/preparaty-celowane\/mozg-koncentracja\/zestaw-magnesium-taurate-malate-magnesium-citrate\/#primaryimage"},"thumbnailUrl":"https:\/\/i0.wp.com\/test.labs212.com\/wp-content\/uploads\/2022\/03\/Zestaw-Taurynian-jablczan-magnezu-Cytrynian-magnezu_72000.png?fit=1844%2C1000&ssl=1","datePublished":"2022-02-10T12:38:50+00:00","dateModified":"2024-06-18T12:16:16+00:00","description":"Dwa suplementy diety: Magnesium taurate, malate i Magnesium citrate. Organiczne formy magnez\u00f3w w proszku. Kompleksowe wsparcie uk\u0142adu nerwowego.","breadcrumb":{"@id":"https:\/\/test.labs212.com\/pl\/produkty\/preparaty-celowane\/mozg-koncentracja\/zestaw-magnesium-taurate-malate-magnesium-citrate\/#breadcrumb"},"inLanguage":"pl-PL","potentialAction":[{"@type":"ReadAction","target":["https:\/\/test.labs212.com\/pl\/produkty\/preparaty-celowane\/mozg-koncentracja\/zestaw-magnesium-taurate-malate-magnesium-citrate\/"]}]},{"@type":"ImageObject","inLanguage":"pl-PL","@id":"https:\/\/test.labs212.com\/pl\/produkty\/preparaty-celowane\/mozg-koncentracja\/zestaw-magnesium-taurate-malate-magnesium-citrate\/#primaryimage","url":"https:\/\/i0.wp.com\/test.labs212.com\/wp-content\/uploads\/2022\/03\/Zestaw-Taurynian-jablczan-magnezu-Cytrynian-magnezu_72000.png?fit=1844%2C1000&ssl=1","contentUrl":"https:\/\/i0.wp.com\/test.labs212.com\/wp-content\/uploads\/2022\/03\/Zestaw-Taurynian-jablczan-magnezu-Cytrynian-magnezu_72000.png?fit=1844%2C1000&ssl=1","width":1844,"height":1000,"caption":"Zestaw Taurynian, jab\u0142czan magnezu + Cytrynian magnezu"},{"@type":"BreadcrumbList","@id":"https:\/\/test.labs212.com\/pl\/produkty\/preparaty-celowane\/mozg-koncentracja\/zestaw-magnesium-taurate-malate-magnesium-citrate\/#breadcrumb","itemListElement":[{"@type":"ListItem","position":1,"name":"Strona g\u0142\u00f3wna","item":"https:\/\/test.labs212.com\/pl\/"},{"@type":"ListItem","position":2,"name":"Sklep","item":"https:\/\/test.labs212.com\/sklep\/"},{"@type":"ListItem","position":3,"name":"Zestaw Taurynian, jab\u0142czan magnezu + Cytrynian magnezu"}]},{"@type":"WebSite","@id":"https:\/\/test.labs212.com\/pl\/#website","url":"https:\/\/test.labs212.com\/pl\/","name":"LABS212","description":"Suplementy diety","publisher":{"@id":"https:\/\/test.labs212.com\/pl\/#organization"},"potentialAction":[{"@type":"SearchAction","target":{"@type":"EntryPoint","urlTemplate":"https:\/\/test.labs212.com\/pl\/?s={search_term_string}"},"query-input":{"@type":"PropertyValueSpecification","valueRequired":true,"valueName":"search_term_string"}}],"inLanguage":"pl-PL"},{"@type":"Organization","@id":"https:\/\/test.labs212.com\/pl\/#organization","name":"LABS212","url":"https:\/\/test.labs212.com\/pl\/","logo":{"@type":"ImageObject","inLanguage":"pl-PL","@id":"https:\/\/test.labs212.com\/pl\/#\/schema\/logo\/image\/","url":"https:\/\/i0.wp.com\/test.labs212.com\/wp-content\/uploads\/2023\/11\/cropped-LOGO.png?fit=444%2C159&ssl=1","contentUrl":"https:\/\/i0.wp.com\/test.labs212.com\/wp-content\/uploads\/2023\/11\/cropped-LOGO.png?fit=444%2C159&ssl=1","width":444,"height":159,"caption":"LABS212"},"image":{"@id":"https:\/\/test.labs212.com\/pl\/#\/schema\/logo\/image\/"}}]},"product_price_amount":"99.99","product_price_currency":"PLN","og_availability":"instock","product_availability":"instock","product_retailer_item_id":"900-2","product_condition":"new"},"jetpack_sharing_enabled":true,"tiered_pricing_type":"fixed","tiered_pricing_fixed_rules":[],"tiered_pricing_product_settings":{"layout":"default","base_unit_name":{"singular":null,"plural":null},"default_variation":null},"tiered_pricing_minimum_quantity":null,"tiered_pricing_roles_data":[],"tiered_pricing_percentage_rules":[],"_links":{"self":[{"href":"https:\/\/test.labs212.com\/pl\/wp-json\/wp\/v2\/product\/426","targetHints":{"allow":["GET"]}}],"collection":[{"href":"https:\/\/test.labs212.com\/pl\/wp-json\/wp\/v2\/product"}],"about":[{"href":"https:\/\/test.labs212.com\/pl\/wp-json\/wp\/v2\/types\/product"}],"replies":[{"embeddable":true,"href":"https:\/\/test.labs212.com\/pl\/wp-json\/wp\/v2\/comments?post=426"}],"wp:featuredmedia":[{"embeddable":true,"href":"https:\/\/test.labs212.com\/pl\/wp-json\/wp\/v2\/media\/1594"}],"wp:attachment":[{"href":"https:\/\/test.labs212.com\/pl\/wp-json\/wp\/v2\/media?parent=426"}],"wp:term":[{"taxonomy":"product_brand","embeddable":true,"href":"https:\/\/test.labs212.com\/pl\/wp-json\/wp\/v2\/product_brand?post=426"},{"taxonomy":"product_cat","embeddable":true,"href":"https:\/\/test.labs212.com\/pl\/wp-json\/wp\/v2\/product_cat?post=426"},{"taxonomy":"product_tag","embeddable":true,"href":"https:\/\/test.labs212.com\/pl\/wp-json\/wp\/v2\/product_tag?post=426"}],"curies":[{"name":"wp","href":"https:\/\/api.w.org\/{rel}","templated":true}]}}