{"id":441,"date":"2022-02-11T14:09:31","date_gmt":"2022-02-11T13:09:31","guid":{"rendered":"https:\/home\/labspl\/domains\/labs212.pl\/public_html\/labs212.projektynuorder.pl\/?post_type=product&#038;p=441"},"modified":"2024-06-18T14:16:14","modified_gmt":"2024-06-18T12:16:14","slug":"zestaw-magnesium-taurate-malate-citrate-zinc-complex-powder","status":"publish","type":"product","link":"https:\/\/test.labs212.com\/pl\/produkty\/suplementy\/zestaw-magnesium-taurate-malate-citrate-zinc-complex-powder\/","title":{"rendered":"Zestaw Taurynian, jab\u0142czan magnezu + Cytrynian magnezu + Cynk Kompleks w proszku"},"content":{"rendered":"","protected":false},"excerpt":{"rendered":"Zestaw trzech suplement\u00f3w. Wsparcie uk\u0142adu nerwowego i odporno\u015bciowego.\r\n\r\n&nbsp;\r\n\r\n&nbsp;","protected":false},"featured_media":7516,"comment_status":"open","ping_status":"closed","template":"","meta":{"_acf_changed":false},"product_brand":[],"product_cat":[150,157,174],"product_tag":[72,74,75,80,107,109,126,149,151,176],"class_list":{"0":"post-441","1":"product","2":"type-product","3":"status-publish","4":"has-post-thumbnail","6":"product_cat-suplementy","7":"product_cat-mozg-koncentracja","8":"product_cat-zestawy","9":"product_tag-cynk-kompleks-w-proszku","10":"product_tag-cytrynian-cynku","11":"product_tag-cytrynian-magnezu","12":"product_tag-glukonian-cynku","13":"product_tag-magnesium-citarte","14":"product_tag-magnesium-taurate-malate","15":"product_tag-pikolinian-cynku","16":"product_tag-suplement-diety","17":"product_tag-taurynian-jablczan-magnezu","18":"product_tag-zinc-complex-powder","20":"first","21":"instock","22":"sale","23":"taxable","24":"shipping-taxable","25":"purchasable","26":"product-type-simple"},"acf":[],"yoast_head":"<!-- This site is optimized with the Yoast SEO Premium plugin v22.8 (Yoast SEO v26.9) - https:\/\/yoast.com\/product\/yoast-seo-premium-wordpress\/ -->\n<title>Zestaw Tuarynian, jab\u0142czan magnezu, Cytrynian magnezu, Cynk Kompleks<\/title>\n<meta name=\"description\" content=\"Trzy suplementy diety: Magnesium taurate, malate, Magnesium citrate oraz Zinc Complex. Magnezy i cynk w organicznych formach w proszku.\" \/>\n<meta name=\"robots\" content=\"noindex, follow, max-snippet:-1, max-image-preview:large, max-video-preview:-1\" \/>\n<meta property=\"og:locale\" content=\"pl_PL\" \/>\n<meta property=\"og:type\" content=\"article\" \/>\n<meta property=\"og:title\" content=\"Zestaw Taurynian, jab\u0142czan magnezu + Cytrynian magnezu + Cynk Kompleks w proszku\" \/>\n<meta property=\"og:description\" content=\"Trzy suplementy diety: Magnesium taurate, malate, Magnesium citrate oraz Zinc Complex. Magnezy i cynk w organicznych formach w proszku.\" \/>\n<meta property=\"og:url\" content=\"https:\/\/test.labs212.com\/pl\/produkty\/suplementy\/zestaw-magnesium-taurate-malate-citrate-zinc-complex-powder\/\" \/>\n<meta property=\"og:site_name\" content=\"LABS212\" \/>\n<meta property=\"article:modified_time\" content=\"2024-06-18T12:16:14+00:00\" \/>\n<meta property=\"og:image\" content=\"https:\/\/i0.wp.com\/labs212.com\/wp-content\/uploads\/2022\/02\/Cytrynian-magnezu-Taurynian-magnezu-Cynk-w-proszku.jpg?fit=2250%2C1500&ssl=1\" \/>\n\t<meta property=\"og:image:width\" content=\"2250\" \/>\n\t<meta property=\"og:image:height\" content=\"1500\" \/>\n\t<meta property=\"og:image:type\" content=\"image\/jpeg\" \/>\n<meta name=\"twitter:card\" content=\"summary_large_image\" \/>\n<meta name=\"twitter:label1\" content=\"Cena\" \/>\n\t<meta name=\"twitter:data1\" content=\"229,99&nbsp;&#122;&#322;\" \/>\n\t<meta name=\"twitter:label2\" content=\"Availability\" \/>\n\t<meta name=\"twitter:data2\" content=\"In stock\" \/>\n<script type=\"application\/ld+json\" class=\"yoast-schema-graph\">{\"@context\":\"https:\/\/schema.org\",\"@graph\":[{\"@type\":\"WebPage\",\"@id\":\"https:\/\/test.labs212.com\/pl\/produkty\/suplementy\/zestaw-magnesium-taurate-malate-citrate-zinc-complex-powder\/\",\"url\":\"https:\/\/test.labs212.com\/pl\/produkty\/suplementy\/zestaw-magnesium-taurate-malate-citrate-zinc-complex-powder\/\",\"name\":\"Zestaw Tuarynian, jab\u0142czan magnezu, Cytrynian magnezu, Cynk Kompleks\",\"isPartOf\":{\"@id\":\"https:\/\/test.labs212.com\/pl\/#website\"},\"primaryImageOfPage\":{\"@id\":\"https:\/\/test.labs212.com\/pl\/produkty\/suplementy\/zestaw-magnesium-taurate-malate-citrate-zinc-complex-powder\/#primaryimage\"},\"image\":{\"@id\":\"https:\/\/test.labs212.com\/pl\/produkty\/suplementy\/zestaw-magnesium-taurate-malate-citrate-zinc-complex-powder\/#primaryimage\"},\"thumbnailUrl\":\"https:\/\/i0.wp.com\/test.labs212.com\/wp-content\/uploads\/2022\/02\/Cytrynian-magnezu-Taurynian-magnezu-Cynk-w-proszku.jpg?fit=2250%2C1500&ssl=1\",\"datePublished\":\"2022-02-11T13:09:31+00:00\",\"dateModified\":\"2024-06-18T12:16:14+00:00\",\"description\":\"Trzy suplementy diety: Magnesium taurate, malate, Magnesium citrate oraz Zinc Complex. Magnezy i cynk w organicznych formach w proszku.\",\"breadcrumb\":{\"@id\":\"https:\/\/test.labs212.com\/pl\/produkty\/suplementy\/zestaw-magnesium-taurate-malate-citrate-zinc-complex-powder\/#breadcrumb\"},\"inLanguage\":\"pl-PL\",\"potentialAction\":[{\"@type\":\"ReadAction\",\"target\":[\"https:\/\/test.labs212.com\/pl\/produkty\/suplementy\/zestaw-magnesium-taurate-malate-citrate-zinc-complex-powder\/\"]}]},{\"@type\":\"ImageObject\",\"inLanguage\":\"pl-PL\",\"@id\":\"https:\/\/test.labs212.com\/pl\/produkty\/suplementy\/zestaw-magnesium-taurate-malate-citrate-zinc-complex-powder\/#primaryimage\",\"url\":\"https:\/\/i0.wp.com\/test.labs212.com\/wp-content\/uploads\/2022\/02\/Cytrynian-magnezu-Taurynian-magnezu-Cynk-w-proszku.jpg?fit=2250%2C1500&ssl=1\",\"contentUrl\":\"https:\/\/i0.wp.com\/test.labs212.com\/wp-content\/uploads\/2022\/02\/Cytrynian-magnezu-Taurynian-magnezu-Cynk-w-proszku.jpg?fit=2250%2C1500&ssl=1\",\"width\":2250,\"height\":1500,\"caption\":\"Cytrynian magnezu + Taurynian magnezu + Cynk w proszku\"},{\"@type\":\"BreadcrumbList\",\"@id\":\"https:\/\/test.labs212.com\/pl\/produkty\/suplementy\/zestaw-magnesium-taurate-malate-citrate-zinc-complex-powder\/#breadcrumb\",\"itemListElement\":[{\"@type\":\"ListItem\",\"position\":1,\"name\":\"Strona g\u0142\u00f3wna\",\"item\":\"https:\/\/test.labs212.com\/pl\/\"},{\"@type\":\"ListItem\",\"position\":2,\"name\":\"Sklep\",\"item\":\"https:\/\/test.labs212.com\/sklep\/\"},{\"@type\":\"ListItem\",\"position\":3,\"name\":\"Zestaw Taurynian, jab\u0142czan magnezu + Cytrynian magnezu + Cynk Kompleks w proszku\"}]},{\"@type\":\"WebSite\",\"@id\":\"https:\/\/test.labs212.com\/pl\/#website\",\"url\":\"https:\/\/test.labs212.com\/pl\/\",\"name\":\"LABS212\",\"description\":\"Suplementy diety\",\"publisher\":{\"@id\":\"https:\/\/test.labs212.com\/pl\/#organization\"},\"potentialAction\":[{\"@type\":\"SearchAction\",\"target\":{\"@type\":\"EntryPoint\",\"urlTemplate\":\"https:\/\/test.labs212.com\/pl\/?s={search_term_string}\"},\"query-input\":{\"@type\":\"PropertyValueSpecification\",\"valueRequired\":true,\"valueName\":\"search_term_string\"}}],\"inLanguage\":\"pl-PL\"},{\"@type\":\"Organization\",\"@id\":\"https:\/\/test.labs212.com\/pl\/#organization\",\"name\":\"LABS212\",\"url\":\"https:\/\/test.labs212.com\/pl\/\",\"logo\":{\"@type\":\"ImageObject\",\"inLanguage\":\"pl-PL\",\"@id\":\"https:\/\/test.labs212.com\/pl\/#\/schema\/logo\/image\/\",\"url\":\"https:\/\/i0.wp.com\/test.labs212.com\/wp-content\/uploads\/2023\/11\/cropped-LOGO.png?fit=444%2C159&ssl=1\",\"contentUrl\":\"https:\/\/i0.wp.com\/test.labs212.com\/wp-content\/uploads\/2023\/11\/cropped-LOGO.png?fit=444%2C159&ssl=1\",\"width\":444,\"height\":159,\"caption\":\"LABS212\"},\"image\":{\"@id\":\"https:\/\/test.labs212.com\/pl\/#\/schema\/logo\/image\/\"}}]}<\/script>\n<meta property=\"product:price:amount\" content=\"229.99\" \/>\n<meta property=\"product:price:currency\" content=\"PLN\" \/>\n<meta property=\"og:availability\" content=\"instock\" \/>\n<meta property=\"product:availability\" content=\"instock\" \/>\n<meta property=\"product:retailer_item_id\" content=\"900-10\" \/>\n<meta property=\"product:condition\" content=\"new\" \/>\n<!-- \/ Yoast SEO Premium plugin. -->","yoast_head_json":{"title":"Zestaw Tuarynian, jab\u0142czan magnezu, Cytrynian magnezu, Cynk Kompleks","description":"Trzy suplementy diety: Magnesium taurate, malate, Magnesium citrate oraz Zinc Complex. Magnezy i cynk w organicznych formach w proszku.","robots":{"index":"noindex","follow":"follow","max-snippet":"max-snippet:-1","max-image-preview":"max-image-preview:large","max-video-preview":"max-video-preview:-1"},"og_locale":"pl_PL","og_type":"article","og_title":"Zestaw Taurynian, jab\u0142czan magnezu + Cytrynian magnezu + Cynk Kompleks w proszku","og_description":"Trzy suplementy diety: Magnesium taurate, malate, Magnesium citrate oraz Zinc Complex. Magnezy i cynk w organicznych formach w proszku.","og_url":"https:\/\/test.labs212.com\/pl\/produkty\/suplementy\/zestaw-magnesium-taurate-malate-citrate-zinc-complex-powder\/","og_site_name":"LABS212","article_modified_time":"2024-06-18T12:16:14+00:00","og_image":[{"width":2250,"height":1500,"url":"https:\/\/i0.wp.com\/labs212.com\/wp-content\/uploads\/2022\/02\/Cytrynian-magnezu-Taurynian-magnezu-Cynk-w-proszku.jpg?fit=2250%2C1500&ssl=1","type":"image\/jpeg"}],"twitter_card":"summary_large_image","twitter_misc":{"Cena":"229,99&nbsp;&#122;&#322;","Availability":"In stock"},"schema":{"@context":"https:\/\/schema.org","@graph":[{"@type":"WebPage","@id":"https:\/\/test.labs212.com\/pl\/produkty\/suplementy\/zestaw-magnesium-taurate-malate-citrate-zinc-complex-powder\/","url":"https:\/\/test.labs212.com\/pl\/produkty\/suplementy\/zestaw-magnesium-taurate-malate-citrate-zinc-complex-powder\/","name":"Zestaw Tuarynian, jab\u0142czan magnezu, Cytrynian magnezu, Cynk Kompleks","isPartOf":{"@id":"https:\/\/test.labs212.com\/pl\/#website"},"primaryImageOfPage":{"@id":"https:\/\/test.labs212.com\/pl\/produkty\/suplementy\/zestaw-magnesium-taurate-malate-citrate-zinc-complex-powder\/#primaryimage"},"image":{"@id":"https:\/\/test.labs212.com\/pl\/produkty\/suplementy\/zestaw-magnesium-taurate-malate-citrate-zinc-complex-powder\/#primaryimage"},"thumbnailUrl":"https:\/\/i0.wp.com\/test.labs212.com\/wp-content\/uploads\/2022\/02\/Cytrynian-magnezu-Taurynian-magnezu-Cynk-w-proszku.jpg?fit=2250%2C1500&ssl=1","datePublished":"2022-02-11T13:09:31+00:00","dateModified":"2024-06-18T12:16:14+00:00","description":"Trzy suplementy diety: Magnesium taurate, malate, Magnesium citrate oraz Zinc Complex. Magnezy i cynk w organicznych formach w proszku.","breadcrumb":{"@id":"https:\/\/test.labs212.com\/pl\/produkty\/suplementy\/zestaw-magnesium-taurate-malate-citrate-zinc-complex-powder\/#breadcrumb"},"inLanguage":"pl-PL","potentialAction":[{"@type":"ReadAction","target":["https:\/\/test.labs212.com\/pl\/produkty\/suplementy\/zestaw-magnesium-taurate-malate-citrate-zinc-complex-powder\/"]}]},{"@type":"ImageObject","inLanguage":"pl-PL","@id":"https:\/\/test.labs212.com\/pl\/produkty\/suplementy\/zestaw-magnesium-taurate-malate-citrate-zinc-complex-powder\/#primaryimage","url":"https:\/\/i0.wp.com\/test.labs212.com\/wp-content\/uploads\/2022\/02\/Cytrynian-magnezu-Taurynian-magnezu-Cynk-w-proszku.jpg?fit=2250%2C1500&ssl=1","contentUrl":"https:\/\/i0.wp.com\/test.labs212.com\/wp-content\/uploads\/2022\/02\/Cytrynian-magnezu-Taurynian-magnezu-Cynk-w-proszku.jpg?fit=2250%2C1500&ssl=1","width":2250,"height":1500,"caption":"Cytrynian magnezu + Taurynian magnezu + Cynk w proszku"},{"@type":"BreadcrumbList","@id":"https:\/\/test.labs212.com\/pl\/produkty\/suplementy\/zestaw-magnesium-taurate-malate-citrate-zinc-complex-powder\/#breadcrumb","itemListElement":[{"@type":"ListItem","position":1,"name":"Strona g\u0142\u00f3wna","item":"https:\/\/test.labs212.com\/pl\/"},{"@type":"ListItem","position":2,"name":"Sklep","item":"https:\/\/test.labs212.com\/sklep\/"},{"@type":"ListItem","position":3,"name":"Zestaw Taurynian, jab\u0142czan magnezu + Cytrynian magnezu + Cynk Kompleks w proszku"}]},{"@type":"WebSite","@id":"https:\/\/test.labs212.com\/pl\/#website","url":"https:\/\/test.labs212.com\/pl\/","name":"LABS212","description":"Suplementy diety","publisher":{"@id":"https:\/\/test.labs212.com\/pl\/#organization"},"potentialAction":[{"@type":"SearchAction","target":{"@type":"EntryPoint","urlTemplate":"https:\/\/test.labs212.com\/pl\/?s={search_term_string}"},"query-input":{"@type":"PropertyValueSpecification","valueRequired":true,"valueName":"search_term_string"}}],"inLanguage":"pl-PL"},{"@type":"Organization","@id":"https:\/\/test.labs212.com\/pl\/#organization","name":"LABS212","url":"https:\/\/test.labs212.com\/pl\/","logo":{"@type":"ImageObject","inLanguage":"pl-PL","@id":"https:\/\/test.labs212.com\/pl\/#\/schema\/logo\/image\/","url":"https:\/\/i0.wp.com\/test.labs212.com\/wp-content\/uploads\/2023\/11\/cropped-LOGO.png?fit=444%2C159&ssl=1","contentUrl":"https:\/\/i0.wp.com\/test.labs212.com\/wp-content\/uploads\/2023\/11\/cropped-LOGO.png?fit=444%2C159&ssl=1","width":444,"height":159,"caption":"LABS212"},"image":{"@id":"https:\/\/test.labs212.com\/pl\/#\/schema\/logo\/image\/"}}]},"product_price_amount":"229.99","product_price_currency":"PLN","og_availability":"instock","product_availability":"instock","product_retailer_item_id":"900-10","product_condition":"new"},"jetpack_sharing_enabled":true,"tiered_pricing_type":"fixed","tiered_pricing_fixed_rules":[],"tiered_pricing_product_settings":{"layout":"default","base_unit_name":{"singular":null,"plural":null},"default_variation":null},"tiered_pricing_minimum_quantity":null,"tiered_pricing_roles_data":[],"tiered_pricing_percentage_rules":[],"_links":{"self":[{"href":"https:\/\/test.labs212.com\/pl\/wp-json\/wp\/v2\/product\/441","targetHints":{"allow":["GET"]}}],"collection":[{"href":"https:\/\/test.labs212.com\/pl\/wp-json\/wp\/v2\/product"}],"about":[{"href":"https:\/\/test.labs212.com\/pl\/wp-json\/wp\/v2\/types\/product"}],"replies":[{"embeddable":true,"href":"https:\/\/test.labs212.com\/pl\/wp-json\/wp\/v2\/comments?post=441"}],"wp:featuredmedia":[{"embeddable":true,"href":"https:\/\/test.labs212.com\/pl\/wp-json\/wp\/v2\/media\/7516"}],"wp:attachment":[{"href":"https:\/\/test.labs212.com\/pl\/wp-json\/wp\/v2\/media?parent=441"}],"wp:term":[{"taxonomy":"product_brand","embeddable":true,"href":"https:\/\/test.labs212.com\/pl\/wp-json\/wp\/v2\/product_brand?post=441"},{"taxonomy":"product_cat","embeddable":true,"href":"https:\/\/test.labs212.com\/pl\/wp-json\/wp\/v2\/product_cat?post=441"},{"taxonomy":"product_tag","embeddable":true,"href":"https:\/\/test.labs212.com\/pl\/wp-json\/wp\/v2\/product_tag?post=441"}],"curies":[{"name":"wp","href":"https:\/\/api.w.org\/{rel}","templated":true}]}}