{"id":657,"date":"2021-12-03T09:52:08","date_gmt":"2021-12-03T08:52:08","guid":{"rendered":"https:\/home\/labspl\/domains\/labs212.pl\/public_html\/labs212.projektynuorder.pl\/?post_type=product&#038;p=102"},"modified":"2024-06-18T14:15:57","modified_gmt":"2024-06-18T12:15:57","slug":"lysine-plus","status":"publish","type":"product","link":"https:\/\/test.labs212.com\/pl\/produkty\/suplementy\/witaminy-2\/lysine-plus\/","title":{"rendered":"L-Lysine Plus"},"content":{"rendered":"","protected":false},"excerpt":{"rendered":"Kompleksowe wsparcie odporno\u015bci. Po\u0142\u0105czenie lizyny, cynku i witaminy D <span style=\"font-size: 12pt;\">Quali\u00ae-D.<\/span>","protected":false},"featured_media":25390,"comment_status":"open","ping_status":"closed","template":"","meta":{"_acf_changed":true},"product_brand":[],"product_cat":[150,179,171,18,132,181,140],"product_tag":[80,428,99,104,105,167],"class_list":{"0":"post-657","1":"product","2":"type-product","3":"status-publish","4":"has-post-thumbnail","6":"product_cat-suplementy","7":"product_cat-mineraly","8":"product_cat-witaminy-2","9":"product_cat-aminokwasy-2","10":"product_cat-preparaty-celowane","11":"product_cat-odpornosc","12":"product_cat-regeneracja","13":"product_tag-glukonian-cynku","14":"product_tag-glukonian-cynku-2","15":"product_tag-l-lysine","16":"product_tag-lizyna-plus","17":"product_tag-lizyna-z-cynkiem","18":"product_tag-witamina-d","20":"first","21":"instock","22":"taxable","23":"shipping-taxable","24":"purchasable","25":"product-type-simple"},"acf":[],"yoast_head":"<!-- This site is optimized with the Yoast SEO Premium plugin v22.8 (Yoast SEO v26.9) - https:\/\/yoast.com\/product\/yoast-seo-premium-wordpress\/ -->\n<title>L-Lysine Plus (Lizyna Plus z cynkiem i witamin\u0105 D) - LABS212<\/title>\n<meta name=\"description\" content=\"Suplement diety Lizyna Plus z organiczn\u0105 form\u0105 cynku (glukonian cynku) i naturaln\u0105 witamin\u0105 D z lanoliny w dawce 2000 IU.\" \/>\n<meta name=\"robots\" content=\"noindex, follow, max-snippet:-1, max-image-preview:large, max-video-preview:-1\" \/>\n<meta property=\"og:locale\" content=\"pl_PL\" \/>\n<meta property=\"og:type\" content=\"article\" \/>\n<meta property=\"og:title\" content=\"L-Lysine Plus\" \/>\n<meta property=\"og:description\" content=\"Suplement diety Lizyna Plus z organiczn\u0105 form\u0105 cynku (glukonian cynku) i naturaln\u0105 witamin\u0105 D z lanoliny w dawce 2000 IU.\" \/>\n<meta property=\"og:url\" content=\"https:\/\/test.labs212.com\/pl\/produkty\/suplementy\/witaminy-2\/lysine-plus\/\" \/>\n<meta property=\"og:site_name\" content=\"LABS212\" \/>\n<meta property=\"article:modified_time\" content=\"2024-06-18T12:15:57+00:00\" \/>\n<meta property=\"og:image\" content=\"https:\/\/test.labs212.com\/wp-content\/uploads\/2021\/12\/Packshot-karta-produktu-14.png\" \/>\n\t<meta property=\"og:image:width\" content=\"1844\" \/>\n\t<meta property=\"og:image:height\" content=\"1000\" \/>\n\t<meta property=\"og:image:type\" content=\"image\/png\" \/>\n<meta name=\"twitter:card\" content=\"summary_large_image\" \/>\n<meta name=\"twitter:label1\" content=\"Cena\" \/>\n\t<meta name=\"twitter:data1\" content=\"69,99&nbsp;&#122;&#322;\" \/>\n\t<meta name=\"twitter:label2\" content=\"Availability\" \/>\n\t<meta name=\"twitter:data2\" content=\"In stock\" \/>\n<script type=\"application\/ld+json\" class=\"yoast-schema-graph\">{\"@context\":\"https:\/\/schema.org\",\"@graph\":[{\"@type\":\"WebPage\",\"@id\":\"https:\/\/test.labs212.com\/pl\/produkty\/suplementy\/witaminy-2\/lysine-plus\/\",\"url\":\"https:\/\/test.labs212.com\/pl\/produkty\/suplementy\/witaminy-2\/lysine-plus\/\",\"name\":\"L-Lysine Plus (Lizyna Plus z cynkiem i witamin\u0105 D) - LABS212\",\"isPartOf\":{\"@id\":\"https:\/\/test.labs212.com\/pl\/#website\"},\"primaryImageOfPage\":{\"@id\":\"https:\/\/test.labs212.com\/pl\/produkty\/suplementy\/witaminy-2\/lysine-plus\/#primaryimage\"},\"image\":{\"@id\":\"https:\/\/test.labs212.com\/pl\/produkty\/suplementy\/witaminy-2\/lysine-plus\/#primaryimage\"},\"thumbnailUrl\":\"https:\/\/i0.wp.com\/test.labs212.com\/wp-content\/uploads\/2021\/12\/Packshot-karta-produktu-14.png?fit=1844%2C1000&ssl=1\",\"datePublished\":\"2021-12-03T08:52:08+00:00\",\"dateModified\":\"2024-06-18T12:15:57+00:00\",\"description\":\"Suplement diety Lizyna Plus z organiczn\u0105 form\u0105 cynku (glukonian cynku) i naturaln\u0105 witamin\u0105 D z lanoliny w dawce 2000 IU.\",\"breadcrumb\":{\"@id\":\"https:\/\/test.labs212.com\/pl\/produkty\/suplementy\/witaminy-2\/lysine-plus\/#breadcrumb\"},\"inLanguage\":\"pl-PL\",\"potentialAction\":[{\"@type\":\"ReadAction\",\"target\":[\"https:\/\/test.labs212.com\/pl\/produkty\/suplementy\/witaminy-2\/lysine-plus\/\"]}]},{\"@type\":\"ImageObject\",\"inLanguage\":\"pl-PL\",\"@id\":\"https:\/\/test.labs212.com\/pl\/produkty\/suplementy\/witaminy-2\/lysine-plus\/#primaryimage\",\"url\":\"https:\/\/i0.wp.com\/test.labs212.com\/wp-content\/uploads\/2021\/12\/Packshot-karta-produktu-14.png?fit=1844%2C1000&ssl=1\",\"contentUrl\":\"https:\/\/i0.wp.com\/test.labs212.com\/wp-content\/uploads\/2021\/12\/Packshot-karta-produktu-14.png?fit=1844%2C1000&ssl=1\",\"width\":1844,\"height\":1000,\"caption\":\"Lizyna Plus\"},{\"@type\":\"BreadcrumbList\",\"@id\":\"https:\/\/test.labs212.com\/pl\/produkty\/suplementy\/witaminy-2\/lysine-plus\/#breadcrumb\",\"itemListElement\":[{\"@type\":\"ListItem\",\"position\":1,\"name\":\"Strona g\u0142\u00f3wna\",\"item\":\"https:\/\/test.labs212.com\/pl\/\"},{\"@type\":\"ListItem\",\"position\":2,\"name\":\"Sklep\",\"item\":\"https:\/\/test.labs212.com\/sklep\/\"},{\"@type\":\"ListItem\",\"position\":3,\"name\":\"L-Lysine Plus\"}]},{\"@type\":\"WebSite\",\"@id\":\"https:\/\/test.labs212.com\/pl\/#website\",\"url\":\"https:\/\/test.labs212.com\/pl\/\",\"name\":\"LABS212\",\"description\":\"Suplementy diety\",\"publisher\":{\"@id\":\"https:\/\/test.labs212.com\/pl\/#organization\"},\"potentialAction\":[{\"@type\":\"SearchAction\",\"target\":{\"@type\":\"EntryPoint\",\"urlTemplate\":\"https:\/\/test.labs212.com\/pl\/?s={search_term_string}\"},\"query-input\":{\"@type\":\"PropertyValueSpecification\",\"valueRequired\":true,\"valueName\":\"search_term_string\"}}],\"inLanguage\":\"pl-PL\"},{\"@type\":\"Organization\",\"@id\":\"https:\/\/test.labs212.com\/pl\/#organization\",\"name\":\"LABS212\",\"url\":\"https:\/\/test.labs212.com\/pl\/\",\"logo\":{\"@type\":\"ImageObject\",\"inLanguage\":\"pl-PL\",\"@id\":\"https:\/\/test.labs212.com\/pl\/#\/schema\/logo\/image\/\",\"url\":\"https:\/\/i0.wp.com\/test.labs212.com\/wp-content\/uploads\/2023\/11\/cropped-LOGO.png?fit=444%2C159&ssl=1\",\"contentUrl\":\"https:\/\/i0.wp.com\/test.labs212.com\/wp-content\/uploads\/2023\/11\/cropped-LOGO.png?fit=444%2C159&ssl=1\",\"width\":444,\"height\":159,\"caption\":\"LABS212\"},\"image\":{\"@id\":\"https:\/\/test.labs212.com\/pl\/#\/schema\/logo\/image\/\"}}]}<\/script>\n<meta property=\"product:price:amount\" content=\"69.99\" \/>\n<meta property=\"product:price:currency\" content=\"PLN\" \/>\n<meta property=\"og:availability\" content=\"instock\" \/>\n<meta property=\"product:availability\" content=\"instock\" \/>\n<meta property=\"product:retailer_item_id\" content=\"701-5\" \/>\n<meta property=\"product:condition\" content=\"new\" \/>\n<!-- \/ Yoast SEO Premium plugin. -->","yoast_head_json":{"title":"L-Lysine Plus (Lizyna Plus z cynkiem i witamin\u0105 D) - LABS212","description":"Suplement diety Lizyna Plus z organiczn\u0105 form\u0105 cynku (glukonian cynku) i naturaln\u0105 witamin\u0105 D z lanoliny w dawce 2000 IU.","robots":{"index":"noindex","follow":"follow","max-snippet":"max-snippet:-1","max-image-preview":"max-image-preview:large","max-video-preview":"max-video-preview:-1"},"og_locale":"pl_PL","og_type":"article","og_title":"L-Lysine Plus","og_description":"Suplement diety Lizyna Plus z organiczn\u0105 form\u0105 cynku (glukonian cynku) i naturaln\u0105 witamin\u0105 D z lanoliny w dawce 2000 IU.","og_url":"https:\/\/test.labs212.com\/pl\/produkty\/suplementy\/witaminy-2\/lysine-plus\/","og_site_name":"LABS212","article_modified_time":"2024-06-18T12:15:57+00:00","og_image":[{"width":1844,"height":1000,"url":"https:\/\/test.labs212.com\/wp-content\/uploads\/2021\/12\/Packshot-karta-produktu-14.png","type":"image\/png"}],"twitter_card":"summary_large_image","twitter_misc":{"Cena":"69,99&nbsp;&#122;&#322;","Availability":"In stock"},"schema":{"@context":"https:\/\/schema.org","@graph":[{"@type":"WebPage","@id":"https:\/\/test.labs212.com\/pl\/produkty\/suplementy\/witaminy-2\/lysine-plus\/","url":"https:\/\/test.labs212.com\/pl\/produkty\/suplementy\/witaminy-2\/lysine-plus\/","name":"L-Lysine Plus (Lizyna Plus z cynkiem i witamin\u0105 D) - LABS212","isPartOf":{"@id":"https:\/\/test.labs212.com\/pl\/#website"},"primaryImageOfPage":{"@id":"https:\/\/test.labs212.com\/pl\/produkty\/suplementy\/witaminy-2\/lysine-plus\/#primaryimage"},"image":{"@id":"https:\/\/test.labs212.com\/pl\/produkty\/suplementy\/witaminy-2\/lysine-plus\/#primaryimage"},"thumbnailUrl":"https:\/\/i0.wp.com\/test.labs212.com\/wp-content\/uploads\/2021\/12\/Packshot-karta-produktu-14.png?fit=1844%2C1000&ssl=1","datePublished":"2021-12-03T08:52:08+00:00","dateModified":"2024-06-18T12:15:57+00:00","description":"Suplement diety Lizyna Plus z organiczn\u0105 form\u0105 cynku (glukonian cynku) i naturaln\u0105 witamin\u0105 D z lanoliny w dawce 2000 IU.","breadcrumb":{"@id":"https:\/\/test.labs212.com\/pl\/produkty\/suplementy\/witaminy-2\/lysine-plus\/#breadcrumb"},"inLanguage":"pl-PL","potentialAction":[{"@type":"ReadAction","target":["https:\/\/test.labs212.com\/pl\/produkty\/suplementy\/witaminy-2\/lysine-plus\/"]}]},{"@type":"ImageObject","inLanguage":"pl-PL","@id":"https:\/\/test.labs212.com\/pl\/produkty\/suplementy\/witaminy-2\/lysine-plus\/#primaryimage","url":"https:\/\/i0.wp.com\/test.labs212.com\/wp-content\/uploads\/2021\/12\/Packshot-karta-produktu-14.png?fit=1844%2C1000&ssl=1","contentUrl":"https:\/\/i0.wp.com\/test.labs212.com\/wp-content\/uploads\/2021\/12\/Packshot-karta-produktu-14.png?fit=1844%2C1000&ssl=1","width":1844,"height":1000,"caption":"Lizyna Plus"},{"@type":"BreadcrumbList","@id":"https:\/\/test.labs212.com\/pl\/produkty\/suplementy\/witaminy-2\/lysine-plus\/#breadcrumb","itemListElement":[{"@type":"ListItem","position":1,"name":"Strona g\u0142\u00f3wna","item":"https:\/\/test.labs212.com\/pl\/"},{"@type":"ListItem","position":2,"name":"Sklep","item":"https:\/\/test.labs212.com\/sklep\/"},{"@type":"ListItem","position":3,"name":"L-Lysine Plus"}]},{"@type":"WebSite","@id":"https:\/\/test.labs212.com\/pl\/#website","url":"https:\/\/test.labs212.com\/pl\/","name":"LABS212","description":"Suplementy diety","publisher":{"@id":"https:\/\/test.labs212.com\/pl\/#organization"},"potentialAction":[{"@type":"SearchAction","target":{"@type":"EntryPoint","urlTemplate":"https:\/\/test.labs212.com\/pl\/?s={search_term_string}"},"query-input":{"@type":"PropertyValueSpecification","valueRequired":true,"valueName":"search_term_string"}}],"inLanguage":"pl-PL"},{"@type":"Organization","@id":"https:\/\/test.labs212.com\/pl\/#organization","name":"LABS212","url":"https:\/\/test.labs212.com\/pl\/","logo":{"@type":"ImageObject","inLanguage":"pl-PL","@id":"https:\/\/test.labs212.com\/pl\/#\/schema\/logo\/image\/","url":"https:\/\/i0.wp.com\/test.labs212.com\/wp-content\/uploads\/2023\/11\/cropped-LOGO.png?fit=444%2C159&ssl=1","contentUrl":"https:\/\/i0.wp.com\/test.labs212.com\/wp-content\/uploads\/2023\/11\/cropped-LOGO.png?fit=444%2C159&ssl=1","width":444,"height":159,"caption":"LABS212"},"image":{"@id":"https:\/\/test.labs212.com\/pl\/#\/schema\/logo\/image\/"}}]},"product_price_amount":"69.99","product_price_currency":"PLN","og_availability":"instock","product_availability":"instock","product_retailer_item_id":"701-5","product_condition":"new"},"jetpack_sharing_enabled":true,"tiered_pricing_type":"fixed","tiered_pricing_fixed_rules":[],"tiered_pricing_product_settings":{"layout":"default","base_unit_name":{"singular":null,"plural":null},"default_variation":null},"tiered_pricing_minimum_quantity":null,"tiered_pricing_roles_data":[],"tiered_pricing_percentage_rules":[],"_links":{"self":[{"href":"https:\/\/test.labs212.com\/pl\/wp-json\/wp\/v2\/product\/657","targetHints":{"allow":["GET"]}}],"collection":[{"href":"https:\/\/test.labs212.com\/pl\/wp-json\/wp\/v2\/product"}],"about":[{"href":"https:\/\/test.labs212.com\/pl\/wp-json\/wp\/v2\/types\/product"}],"replies":[{"embeddable":true,"href":"https:\/\/test.labs212.com\/pl\/wp-json\/wp\/v2\/comments?post=657"}],"wp:featuredmedia":[{"embeddable":true,"href":"https:\/\/test.labs212.com\/pl\/wp-json\/wp\/v2\/media\/25390"}],"wp:attachment":[{"href":"https:\/\/test.labs212.com\/pl\/wp-json\/wp\/v2\/media?parent=657"}],"wp:term":[{"taxonomy":"product_brand","embeddable":true,"href":"https:\/\/test.labs212.com\/pl\/wp-json\/wp\/v2\/product_brand?post=657"},{"taxonomy":"product_cat","embeddable":true,"href":"https:\/\/test.labs212.com\/pl\/wp-json\/wp\/v2\/product_cat?post=657"},{"taxonomy":"product_tag","embeddable":true,"href":"https:\/\/test.labs212.com\/pl\/wp-json\/wp\/v2\/product_tag?post=657"}],"curies":[{"name":"wp","href":"https:\/\/api.w.org\/{rel}","templated":true}]}}